{"id":797,"date":"2026-01-28T14:55:26","date_gmt":"2026-01-28T13:55:26","guid":{"rendered":"http:\/\/mssunnhordland-no.creato.no\/cms\/?page_id=797"},"modified":"2026-02-12T22:56:22","modified_gmt":"2026-02-12T21:56:22","slug":"festival-ship","status":"publish","type":"page","link":"https:\/\/mssunnhordland.no\/en\/festivalskipet\/","title":{"rendered":"The festival ship"},"content":{"rendered":"<div class=\"grve-section grve-row-section grve-fullwidth-background grve-padding-top-3x grve-with-bg-gradient\" data-header-color=\"default\"  style=\"background-color:#ECE7E0;background: linear-gradient(180deg,#ECE7E0 0%,#FFFFFF 100%);\"><div class=\"grve-container\"><div class=\"grve-row grve-bookmark grve-columns-gap-default grve-mobile-vertical-gap-30\"><div class=\"grve-column wpb_column grve-bookmark grve-column-1  grve-parallax-effect grve-with-bg-transparent grve-align-center\" data-parallax-effect=\"vertical-parallax\"><div class=\"grve-column-wrapper\"><div class=\"grve-column-content\" ><div data-animation=\"fade-in\" data-delay=\"0\" data-duration=\"very-slow\" class=\"grve-element grve-single-icon grve-align-inherit grve-extra-large grve-animated-item\" style=\"margin-bottom: 30px;\"><div class=\"grve-wrapper-icon grve-text-custom\" style=\" color: #00000000;\"><div id=\"grve-svg-69d29ce4c52d7\" data-file=\"https:\/\/mssunnhordland.no\/cms\/wp-content\/uploads\/2026\/01\/HSD-LOGO.svg\" class=\"grve-custom-svg-icon grve-text-custom\"><\/div><\/div><\/div><h3 data-animation=\"fade-in\" data-delay=\"0\" data-duration=\"slow\" class=\"grve-element grve-title grve-align-inherit grve-animated-item grve-h3\" style=\"margin-bottom: 60px;\"><span>Here you will find <span style=\"color: #333333;\"><a style=\"color: #333333;\" href=\"https:\/\/no.wikipedia.org\/wiki\/Inspirasjon\" target=\"_blank\" rel=\"noopener\">inspiration<\/a><\/span> from exciting events we've been involved in and good examples of how others have joined the festival ship for everything from celebrations to major events. <span style=\"color: #333333;\"><a style=\"color: #333333;\" href=\"https:\/\/mssunnhordland.no\/en\/arrangement\/\">arrangement<\/a><\/span>.<\/span><\/h3><div class=\"grve-inner-section grve-with-bg-transparent\"><div class=\"grve-row-inner grve-bookmark grve-columns-gap-default grve-mobile-vertical-gap-30\"><div class=\"grve-column-inner wpb_column grve-column-1  grve-horizontal-position-center grve-with-bg-transparent grve-custom-width-50\"><div class=\"grve-column-wrapper-inner\"><div class=\"grve-column-inner-content\" ><div class=\"grve-element grve-text grve-animated-item\" data-animation=\"fade-in-left-big\" data-delay=\"800\" data-duration=\"very-slow\">\n\t\t\t<p><img decoding=\"async\" class=\"aligncenter wp-image-741 size-full\" src=\"https:\/\/mssunnhordland.no\/cms\/wp-content\/uploads\/2026\/01\/mssunnhordland_lineart.svg\" alt=\"the festival ship,\" \/><\/p>\n\n\t\t<\/div>\n\t<\/div><\/div><\/div><\/div><\/div><\/div><\/div><\/div><\/div><\/div><\/div><div class=\"grve-section grve-row-section grve-fullwidth-background grve-padding-top-1x grve-padding-bottom-3x grve-with-bg-transparent\" data-header-color=\"default\"><div class=\"grve-container\"><div class=\"grve-row grve-bookmark grve-columns-gap-default grve-mobile-vertical-gap-30\"><div class=\"grve-column wpb_column grve-bookmark grve-column-1-2  grve-with-bg-transparent grve-align-center grve-animated-item\" data-delay=\"0\" data-duration=\"normal\" data-animation=\"fade-in-left\"><div class=\"grve-column-wrapper\"><div class=\"grve-column-content\" ><div class=\"grve-element grve-box-icon grve-small grve-side-icon grve-align-left grve-vertical-align-middle grve-layout-1\" style=\"margin-bottom: 30px;\"><div class=\"grve-box-title-wrapper\"><div class=\"grve-wrapper-icon\" style=\"\"><div id=\"grve-svg-69d29ce4c59cd\" data-file=\"https:\/\/mssunnhordland.no\/cms\/wp-content\/uploads\/2026\/01\/propell_bronse.svg\" class=\"grve-box-icon grve-custom-svg-icon grve-text-primary-2\"><\/div><\/div><h3 class=\"grve-box-title grve-h4\">71 degrees north<\/h3><\/div><div class=\"grve-box-content\"><p class=\"\">Transport ship for the TV series 71\u00b0 north - the ship served as logistics and transport during the production of the TV series.<\/p><\/div><\/div><div class=\"grve-element grve-box-icon grve-small grve-side-icon grve-align-left grve-vertical-align-middle grve-layout-1\" style=\"margin-bottom: 30px;\"><div class=\"grve-box-title-wrapper\"><div class=\"grve-wrapper-icon\" style=\"\"><div id=\"grve-svg-69d29ce4c5a75\" data-file=\"https:\/\/mssunnhordland.no\/cms\/wp-content\/uploads\/2026\/01\/propell_bronse.svg\" class=\"grve-box-icon grve-custom-svg-icon grve-text-primary-2\"><\/div><\/div><h3 class=\"grve-box-title grve-h4\">Tysnesfest - festival by the sea<\/h3><\/div><div class=\"grve-box-content\"><p class=\"\">The ship has been part of the Tysnesfest experience, with a good atmosphere on board and activities related to the festival.<\/p><\/div><\/div><div class=\"grve-element grve-box-icon grve-small grve-side-icon grve-align-left grve-vertical-align-middle grve-layout-1\" style=\"margin-bottom: 30px;\"><div class=\"grve-box-title-wrapper\"><div class=\"grve-wrapper-icon\" style=\"\"><div id=\"grve-svg-69d29ce4c5ae4\" data-file=\"https:\/\/mssunnhordland.no\/cms\/wp-content\/uploads\/2026\/01\/propell_bronse.svg\" class=\"grve-box-icon grve-custom-svg-icon grve-text-primary-2\"><\/div><\/div><h3 class=\"grve-box-title grve-h4\">Cycling World Championships in Bergen<\/h3><\/div><div class=\"grve-box-content\"><p class=\"\">Part of the maritime apparatus around the world's largest cycling festival.<\/p><\/div><\/div><\/div><\/div><\/div><div class=\"grve-column wpb_column grve-bookmark grve-column-1-2  grve-with-bg-transparent grve-animated-item\" data-delay=\"200\" data-duration=\"normal\" data-animation=\"fade-in-left\"><div class=\"grve-column-wrapper\"><div class=\"grve-column-content\" ><div class=\"grve-element grve-box-icon grve-small grve-side-icon grve-align-left grve-vertical-align-middle grve-layout-1\" style=\"margin-bottom: 30px;\"><div class=\"grve-box-title-wrapper\"><div class=\"grve-wrapper-icon\" style=\"\"><div id=\"grve-svg-69d29ce4c5bec\" data-file=\"https:\/\/mssunnhordland.no\/cms\/wp-content\/uploads\/2026\/01\/propell_bronse.svg\" class=\"grve-box-icon grve-custom-svg-icon grve-text-primary-2\"><\/div><\/div><h3 class=\"grve-box-title grve-h4\">Sk\u00e5nevik Blues Festival<\/h3><\/div><div class=\"grve-box-content\"><p class=\"\">Accommodation and festival base for the blues festival by the fjord, with opportunities for guests on board<\/p><\/div><\/div><div class=\"grve-element grve-box-icon grve-small grve-side-icon grve-align-left grve-vertical-align-middle grve-layout-1\" style=\"margin-bottom: 30px;\"><div class=\"grve-box-title-wrapper\"><div class=\"grve-wrapper-icon\" style=\"\"><div id=\"grve-svg-69d29ce4c5c47\" data-file=\"https:\/\/mssunnhordland.no\/cms\/wp-content\/uploads\/2026\/01\/propell_bronse.svg\" class=\"grve-box-icon grve-custom-svg-icon grve-text-primary-2\"><\/div><\/div><h3 class=\"grve-box-title grve-h4\">The Morell Festival<\/h3><\/div><div class=\"grve-box-content\"><p class=\"\">Events where the ship has been invited as part of the sailing to the festival.<\/p><\/div><\/div><div class=\"grve-element grve-box-icon grve-small grve-side-icon grve-align-left grve-vertical-align-middle grve-layout-1\" style=\"margin-bottom: 30px;\"><div class=\"grve-box-title-wrapper\"><div class=\"grve-wrapper-icon\" style=\"\"><div id=\"grve-svg-69d29ce4c5cb8\" data-file=\"https:\/\/mssunnhordland.no\/cms\/wp-content\/uploads\/2026\/01\/propell_bronse.svg\" class=\"grve-box-icon grve-custom-svg-icon grve-text-primary-2\"><\/div><\/div><h3 class=\"grve-box-title grve-h4\">Arendal Week<\/h3><\/div><div class=\"grve-box-content\"><p class=\"\">MS Sunnhordland was the venue for several events during Arendal Week in 2019, with seminars and public debates on topics such as climate and urban development.<\/p><\/div><\/div><\/div><\/div><\/div><\/div><\/div><\/div><div class=\"grve-section grve-row-section grve-fullwidth grve-padding-top-1x grve-padding-bottom-1x grve-with-bg-transparent\" data-header-color=\"default\"><div class=\"grve-container\"><div class=\"grve-row grve-bookmark grve-columns-gap-default grve-mobile-vertical-gap-30\"><div class=\"grve-column wpb_column grve-bookmark grve-column-1  grve-with-bg-transparent\"><div class=\"grve-column-wrapper\"><div class=\"grve-column-content\" ><div data-display-style=\"none\" data-spinner=\"no\" data-columns-large-screen=\"4\" data-columns=\"4\" data-columns-tablet-landscape=\"3\" data-columns-tablet-portrait=\"2\" data-columns-mobile=\"1\" data-layout=\"masonry\" data-gutter-size=\"30\" data-animation=\"fade-in-down\" class=\"grve-element grve-gallery grve-isotope grve-gallery-popup grve-with-gap\">\n\t<div class=\"grve-isotope-container\">\n\t\t<div class=\"grve-grid-sizer\"><\/div>\n\t\t<div class=\"grve-entry-item grve-popup-item\">\n\t\t\t<div class=\"grve-isotope-item-inner grve-image-square\">\n\t\t\t\t<div class=\"grve-hover-item grve-hover-style-1\">\n\t<div data-indicator=\"plus\" data-indicator-color=\"primary-1\" class=\"grve-image-hover grve-media grve-none\">\n\t\t\t\t<a class=\"grve-item-url\" href=\"https:\/\/mssunnhordland.no\/cms\/wp-content\/uploads\/2026\/01\/358559368_817853182993378_3382582611766862831_n-2560x2560.jpg\"><span class=\"screen-reader-text\">More<\/span><\/a>\n\t\t\t\t<div class=\"grve-thumbnail-wrapper\"><div class=\"grve-thumbnail\"  style=\"padding-top: 100%;\"><img decoding=\"async\" width=\"560\" height=\"560\" src=\"https:\/\/mssunnhordland.no\/cms\/wp-content\/uploads\/2026\/01\/358559368_817853182993378_3382582611766862831_n-560x560.jpg\" class=\"attachment-impeka-grve-small-square size-impeka-grve-small-square\" alt=\"\" data-column-space=\"100\" data-lazyload=\"\" data-grve-filter=\"yes\" srcset=\"https:\/\/mssunnhordland.no\/cms\/wp-content\/uploads\/2026\/01\/358559368_817853182993378_3382582611766862831_n-560x560.jpg 560w, https:\/\/mssunnhordland.no\/cms\/wp-content\/uploads\/2026\/01\/358559368_817853182993378_3382582611766862831_n-150x150.jpg 150w\" sizes=\"auto, (max-width: 560px) 100vw, 560px\" loading=\"lazy\" \/><\/div><\/div>\t\t\t\t<div class=\"grve-bg-primary-2 grve-hover-overlay grve-opacity-30\"><\/div>\n\t\t\t<\/div>\n\t<\/div>\n\t\t\t<\/div>\n\t\t<\/div>\n\t\t<div class=\"grve-entry-item grve-popup-item\">\n\t\t\t<div class=\"grve-isotope-item-inner grve-image-square\">\n\t\t\t\t<div class=\"grve-hover-item grve-hover-style-1\">\n\t<div data-indicator=\"plus\" data-indicator-color=\"primary-1\" class=\"grve-image-hover grve-media grve-none\">\n\t\t\t\t<a class=\"grve-item-url\" href=\"https:\/\/mssunnhordland.no\/cms\/wp-content\/uploads\/2026\/01\/mssunnhordland_71gradernord-2560x2560.jpeg\"><span class=\"screen-reader-text\">More<\/span><\/a>\n\t\t\t\t<div class=\"grve-thumbnail-wrapper\"><div class=\"grve-thumbnail\"  style=\"padding-top: 100%;\"><img decoding=\"async\" width=\"560\" height=\"560\" src=\"https:\/\/mssunnhordland.no\/cms\/wp-content\/uploads\/2026\/01\/mssunnhordland_71gradernord-560x560.jpeg\" class=\"attachment-impeka-grve-small-square size-impeka-grve-small-square\" alt=\"On board\" data-column-space=\"100\" data-lazyload=\"\" data-grve-filter=\"yes\" srcset=\"https:\/\/mssunnhordland.no\/cms\/wp-content\/uploads\/2026\/01\/mssunnhordland_71gradernord-560x560.jpeg 560w, https:\/\/mssunnhordland.no\/cms\/wp-content\/uploads\/2026\/01\/mssunnhordland_71gradernord-150x150.jpeg 150w, https:\/\/mssunnhordland.no\/cms\/wp-content\/uploads\/2026\/01\/mssunnhordland_71gradernord-900x900.jpeg 900w\" sizes=\"auto, (max-width: 560px) 100vw, 560px\" loading=\"lazy\" \/><\/div><\/div>\t\t\t\t<div class=\"grve-bg-primary-2 grve-hover-overlay grve-opacity-30\"><\/div>\n\t\t\t<\/div>\n\t<\/div>\n\t\t\t<\/div>\n\t\t<\/div>\n\t\t<div class=\"grve-entry-item grve-popup-item\">\n\t\t\t<div class=\"grve-isotope-item-inner grve-image-portrait\">\n\t\t\t\t<div class=\"grve-hover-item grve-hover-style-1\">\n\t<div data-indicator=\"plus\" data-indicator-color=\"primary-1\" class=\"grve-image-hover grve-media grve-none\">\n\t\t\t\t<a class=\"grve-item-url\" href=\"https:\/\/mssunnhordland.no\/cms\/wp-content\/uploads\/2026\/01\/ms_dodsing2-2560x2560.webp\"><span class=\"screen-reader-text\">More<\/span><\/a>\n\t\t\t\t<div class=\"grve-thumbnail-wrapper\"><div class=\"grve-thumbnail\"  style=\"padding-top: 100%;\"><img decoding=\"async\" width=\"900\" height=\"900\" src=\"https:\/\/mssunnhordland.no\/cms\/wp-content\/uploads\/2026\/01\/ms_dodsing2-900x900.webp\" class=\"attachment-impeka-grve-medium-square size-impeka-grve-medium-square\" alt=\"\" data-column-space=\"100\" data-lazyload=\"\" data-grve-filter=\"yes\" srcset=\"https:\/\/mssunnhordland.no\/cms\/wp-content\/uploads\/2026\/01\/ms_dodsing2-900x900.webp 900w, https:\/\/mssunnhordland.no\/cms\/wp-content\/uploads\/2026\/01\/ms_dodsing2-150x150.webp 150w, https:\/\/mssunnhordland.no\/cms\/wp-content\/uploads\/2026\/01\/ms_dodsing2-560x560.webp 560w\" sizes=\"auto, (max-width: 900px) 100vw, 900px\" loading=\"lazy\" \/><\/div><\/div>\t\t\t\t<div class=\"grve-bg-primary-2 grve-hover-overlay grve-opacity-30\"><\/div>\n\t\t\t<\/div>\n\t<\/div>\n\t\t\t<\/div>\n\t\t<\/div>\n\t\t<div class=\"grve-entry-item grve-popup-item\">\n\t\t\t<div class=\"grve-isotope-item-inner grve-image-square\">\n\t\t\t\t<div class=\"grve-hover-item grve-hover-style-1\">\n\t<div data-indicator=\"plus\" data-indicator-color=\"primary-1\" class=\"grve-image-hover grve-media grve-none\">\n\t\t\t\t<a class=\"grve-item-url\" href=\"https:\/\/mssunnhordland.no\/cms\/wp-content\/uploads\/2026\/01\/355139927_644490514218191_2903741188734739034_n-2560x2560.jpg\"><span class=\"screen-reader-text\">More<\/span><\/a>\n\t\t\t\t<div class=\"grve-thumbnail-wrapper\"><div class=\"grve-thumbnail\"  style=\"padding-top: 100%;\"><img decoding=\"async\" width=\"560\" height=\"560\" src=\"https:\/\/mssunnhordland.no\/cms\/wp-content\/uploads\/2026\/01\/355139927_644490514218191_2903741188734739034_n-560x560.jpg\" class=\"attachment-impeka-grve-small-square size-impeka-grve-small-square\" alt=\"\" data-column-space=\"100\" data-lazyload=\"\" data-grve-filter=\"yes\" srcset=\"https:\/\/mssunnhordland.no\/cms\/wp-content\/uploads\/2026\/01\/355139927_644490514218191_2903741188734739034_n-560x560.jpg 560w, https:\/\/mssunnhordland.no\/cms\/wp-content\/uploads\/2026\/01\/355139927_644490514218191_2903741188734739034_n-150x150.jpg 150w, https:\/\/mssunnhordland.no\/cms\/wp-content\/uploads\/2026\/01\/355139927_644490514218191_2903741188734739034_n-900x900.jpg 900w\" sizes=\"auto, (max-width: 560px) 100vw, 560px\" loading=\"lazy\" \/><\/div><\/div>\t\t\t\t<div class=\"grve-bg-primary-2 grve-hover-overlay grve-opacity-30\"><\/div>\n\t\t\t<\/div>\n\t<\/div>\n\t\t\t<\/div>\n\t\t<\/div>\n\t\t<div class=\"grve-entry-item grve-popup-item\">\n\t\t\t<div class=\"grve-isotope-item-inner grve-image-landscape\">\n\t\t\t\t<div class=\"grve-hover-item grve-hover-style-1\">\n\t<div data-indicator=\"plus\" data-indicator-color=\"primary-1\" class=\"grve-image-hover grve-media grve-none\">\n\t\t\t\t<a class=\"grve-item-url\" href=\"https:\/\/mssunnhordland.no\/cms\/wp-content\/uploads\/2026\/01\/356723546_593935092870194_5113283714165907689_n-2560x2560.jpg\"><span class=\"screen-reader-text\">More<\/span><\/a>\n\t\t\t\t<div class=\"grve-thumbnail-wrapper\"><div class=\"grve-thumbnail\"  style=\"padding-top: 100%;\"><img decoding=\"async\" width=\"900\" height=\"900\" src=\"https:\/\/mssunnhordland.no\/cms\/wp-content\/uploads\/2026\/01\/356723546_593935092870194_5113283714165907689_n-900x900.jpg\" class=\"attachment-impeka-grve-medium-square size-impeka-grve-medium-square\" alt=\"\" data-column-space=\"100\" data-lazyload=\"\" data-grve-filter=\"yes\" srcset=\"https:\/\/mssunnhordland.no\/cms\/wp-content\/uploads\/2026\/01\/356723546_593935092870194_5113283714165907689_n-900x900.jpg 900w, https:\/\/mssunnhordland.no\/cms\/wp-content\/uploads\/2026\/01\/356723546_593935092870194_5113283714165907689_n-150x150.jpg 150w, https:\/\/mssunnhordland.no\/cms\/wp-content\/uploads\/2026\/01\/356723546_593935092870194_5113283714165907689_n-560x560.jpg 560w\" sizes=\"auto, (max-width: 900px) 100vw, 900px\" loading=\"lazy\" \/><\/div><\/div>\t\t\t\t<div class=\"grve-bg-primary-2 grve-hover-overlay grve-opacity-30\"><\/div>\n\t\t\t<\/div>\n\t<\/div>\n\t\t\t<\/div>\n\t\t<\/div>\n\t\t<div class=\"grve-entry-item grve-popup-item\">\n\t\t\t<div class=\"grve-isotope-item-inner grve-image-square\">\n\t\t\t\t<div class=\"grve-hover-item grve-hover-style-1\">\n\t<div data-indicator=\"plus\" data-indicator-color=\"primary-1\" class=\"grve-image-hover grve-media grve-none\">\n\t\t\t\t<a class=\"grve-item-url\" href=\"https:\/\/mssunnhordland.no\/cms\/wp-content\/uploads\/2026\/01\/354280253_598675119035962_8626982465328020835_n-2560x2560.jpg\"><span class=\"screen-reader-text\">More<\/span><\/a>\n\t\t\t\t<div class=\"grve-thumbnail-wrapper\"><div class=\"grve-thumbnail\"  style=\"padding-top: 100%;\"><img decoding=\"async\" width=\"560\" height=\"560\" src=\"https:\/\/mssunnhordland.no\/cms\/wp-content\/uploads\/2026\/01\/354280253_598675119035962_8626982465328020835_n-560x560.jpg\" class=\"attachment-impeka-grve-small-square size-impeka-grve-small-square\" alt=\"\" data-column-space=\"100\" data-lazyload=\"\" data-grve-filter=\"yes\" srcset=\"https:\/\/mssunnhordland.no\/cms\/wp-content\/uploads\/2026\/01\/354280253_598675119035962_8626982465328020835_n-560x560.jpg 560w, https:\/\/mssunnhordland.no\/cms\/wp-content\/uploads\/2026\/01\/354280253_598675119035962_8626982465328020835_n-150x150.jpg 150w, https:\/\/mssunnhordland.no\/cms\/wp-content\/uploads\/2026\/01\/354280253_598675119035962_8626982465328020835_n-900x900.jpg 900w\" sizes=\"auto, (max-width: 560px) 100vw, 560px\" loading=\"lazy\" \/><\/div><\/div>\t\t\t\t<div class=\"grve-bg-primary-2 grve-hover-overlay grve-opacity-30\"><\/div>\n\t\t\t<\/div>\n\t<\/div>\n\t\t\t<\/div>\n\t\t<\/div>\n\t\t<div class=\"grve-entry-item grve-popup-item\">\n\t\t\t<div class=\"grve-isotope-item-inner grve-image-large-square\">\n\t\t\t\t<div class=\"grve-hover-item grve-hover-style-1\">\n\t<div data-indicator=\"plus\" data-indicator-color=\"primary-1\" class=\"grve-image-hover grve-media grve-none\">\n\t\t\t\t<a class=\"grve-item-url\" href=\"https:\/\/mssunnhordland.no\/cms\/wp-content\/uploads\/2026\/01\/342375579_1353149225252308_1647034228561995433_n-2560x2560.jpg\"><span class=\"screen-reader-text\">More<\/span><\/a>\n\t\t\t\t<div class=\"grve-thumbnail-wrapper\"><div class=\"grve-thumbnail\"  style=\"padding-top: 100%;\"><img decoding=\"async\" width=\"900\" height=\"900\" src=\"https:\/\/mssunnhordland.no\/cms\/wp-content\/uploads\/2026\/01\/342375579_1353149225252308_1647034228561995433_n-900x900.jpg\" class=\"attachment-impeka-grve-medium-square size-impeka-grve-medium-square\" alt=\"\" data-column-space=\"100\" data-lazyload=\"\" data-grve-filter=\"yes\" srcset=\"https:\/\/mssunnhordland.no\/cms\/wp-content\/uploads\/2026\/01\/342375579_1353149225252308_1647034228561995433_n-900x900.jpg 900w, https:\/\/mssunnhordland.no\/cms\/wp-content\/uploads\/2026\/01\/342375579_1353149225252308_1647034228561995433_n-300x300.jpg 300w, https:\/\/mssunnhordland.no\/cms\/wp-content\/uploads\/2026\/01\/342375579_1353149225252308_1647034228561995433_n-1024x1024.jpg 1024w, https:\/\/mssunnhordland.no\/cms\/wp-content\/uploads\/2026\/01\/342375579_1353149225252308_1647034228561995433_n-150x150.jpg 150w, https:\/\/mssunnhordland.no\/cms\/wp-content\/uploads\/2026\/01\/342375579_1353149225252308_1647034228561995433_n-768x768.jpg 768w, https:\/\/mssunnhordland.no\/cms\/wp-content\/uploads\/2026\/01\/342375579_1353149225252308_1647034228561995433_n-1536x1536.jpg 1536w, https:\/\/mssunnhordland.no\/cms\/wp-content\/uploads\/2026\/01\/342375579_1353149225252308_1647034228561995433_n-560x560.jpg 560w, https:\/\/mssunnhordland.no\/cms\/wp-content\/uploads\/2026\/01\/342375579_1353149225252308_1647034228561995433_n.jpg 1920w\" sizes=\"auto, (max-width: 900px) 100vw, 900px\" loading=\"lazy\" \/><\/div><\/div>\t\t\t\t<div class=\"grve-bg-primary-2 grve-hover-overlay grve-opacity-30\"><\/div>\n\t\t\t<\/div>\n\t<\/div>\n\t\t\t<\/div>\n\t\t<\/div>\n\t\t<div class=\"grve-entry-item grve-popup-item\">\n\t\t\t<div class=\"grve-isotope-item-inner grve-image-square\">\n\t\t\t\t<div class=\"grve-hover-item grve-hover-style-1\">\n\t<div data-indicator=\"plus\" data-indicator-color=\"primary-1\" class=\"grve-image-hover grve-media grve-none\">\n\t\t\t\t<a class=\"grve-item-url\" href=\"https:\/\/mssunnhordland.no\/cms\/wp-content\/uploads\/2026\/01\/Amilde-sine-13-2560x2560.jpg\"><span class=\"screen-reader-text\">More<\/span><\/a>\n\t\t\t\t<div class=\"grve-thumbnail-wrapper\"><div class=\"grve-thumbnail\"  style=\"padding-top: 100%;\"><img decoding=\"async\" width=\"560\" height=\"560\" src=\"https:\/\/mssunnhordland.no\/cms\/wp-content\/uploads\/2026\/01\/Amilde-sine-13-560x560.jpg\" class=\"attachment-impeka-grve-small-square size-impeka-grve-small-square\" alt=\"\" data-column-space=\"100\" data-lazyload=\"\" data-grve-filter=\"yes\" srcset=\"https:\/\/mssunnhordland.no\/cms\/wp-content\/uploads\/2026\/01\/Amilde-sine-13-560x560.jpg 560w, https:\/\/mssunnhordland.no\/cms\/wp-content\/uploads\/2026\/01\/Amilde-sine-13-150x150.jpg 150w, https:\/\/mssunnhordland.no\/cms\/wp-content\/uploads\/2026\/01\/Amilde-sine-13-900x900.jpg 900w\" sizes=\"auto, (max-width: 560px) 100vw, 560px\" loading=\"lazy\" \/><\/div><\/div>\t\t\t\t<div class=\"grve-bg-primary-2 grve-hover-overlay grve-opacity-30\"><\/div>\n\t\t\t<\/div>\n\t<\/div>\n\t\t\t<\/div>\n\t\t<\/div>\n\t\t<div class=\"grve-entry-item grve-popup-item\">\n\t\t\t<div class=\"grve-isotope-item-inner grve-image-portrait\">\n\t\t\t\t<div class=\"grve-hover-item grve-hover-style-1\">\n\t<div data-indicator=\"plus\" data-indicator-color=\"primary-1\" class=\"grve-image-hover grve-media grve-none\">\n\t\t\t\t<a class=\"grve-item-url\" href=\"https:\/\/mssunnhordland.no\/cms\/wp-content\/uploads\/2026\/01\/82490-Sunnhordland-2560x2560.jpg\"><span class=\"screen-reader-text\">More<\/span><\/a>\n\t\t\t\t<div class=\"grve-thumbnail-wrapper\"><div class=\"grve-thumbnail\"  style=\"padding-top: 100%;\"><img decoding=\"async\" width=\"900\" height=\"900\" src=\"https:\/\/mssunnhordland.no\/cms\/wp-content\/uploads\/2026\/01\/82490-Sunnhordland-900x900.jpg\" class=\"attachment-impeka-grve-medium-square size-impeka-grve-medium-square\" alt=\"\" data-column-space=\"100\" data-lazyload=\"\" data-grve-filter=\"yes\" srcset=\"https:\/\/mssunnhordland.no\/cms\/wp-content\/uploads\/2026\/01\/82490-Sunnhordland-900x900.jpg 900w, https:\/\/mssunnhordland.no\/cms\/wp-content\/uploads\/2026\/01\/82490-Sunnhordland-150x150.jpg 150w, https:\/\/mssunnhordland.no\/cms\/wp-content\/uploads\/2026\/01\/82490-Sunnhordland-560x560.jpg 560w\" sizes=\"auto, (max-width: 900px) 100vw, 900px\" loading=\"lazy\" \/><\/div><\/div>\t\t\t\t<div class=\"grve-bg-primary-2 grve-hover-overlay grve-opacity-30\"><\/div>\n\t\t\t<\/div>\n\t<\/div>\n\t\t\t<\/div>\n\t\t<\/div>\n\t<\/div>\n<\/div>\n<\/div><\/div><\/div><\/div><\/div><\/div><div class=\"grve-section grve-row-section grve-fullwidth-background grve-percentage-height grve-padding-top-1x grve-padding-bottom-1x grve-with-bg-image grve-bg-fixed\" data-header-color=\"default\" data-height-ratio=\"40\"><div class=\"grve-container\"><div class=\"grve-row grve-bookmark grve-columns-gap-default grve-mobile-vertical-gap-30 grve-percentage-content\"><div class=\"grve-column wpb_column grve-bookmark grve-column-1  grve-with-bg-transparent grve-empty-column\"><div class=\"grve-column-wrapper\"><div class=\"grve-column-content\" ><\/div><\/div><\/div><\/div><\/div><div class=\"grve-background-wrapper\">  <div class=\"grve-bg-image grve-bg-image-id-464 lazyload\"  data-bgset=\"https:\/\/mssunnhordland.no\/cms\/wp-content\/uploads\/2026\/01\/room-with-a-view_mpke-scaled.jpg 2560w, https:\/\/mssunnhordland.no\/cms\/wp-content\/uploads\/2026\/01\/room-with-a-view_mpke-300x200.jpg 300w, https:\/\/mssunnhordland.no\/cms\/wp-content\/uploads\/2026\/01\/room-with-a-view_mpke-1024x683.jpg 1024w, https:\/\/mssunnhordland.no\/cms\/wp-content\/uploads\/2026\/01\/room-with-a-view_mpke-768x512.jpg 768w, https:\/\/mssunnhordland.no\/cms\/wp-content\/uploads\/2026\/01\/room-with-a-view_mpke-1536x1024.jpg 1536w\" data-sizes=\"auto\"><\/div>  <div class=\"grve-pattern\"><\/div><\/div><\/div>","protected":false},"excerpt":{"rendered":"Her finn du inspirasjon fr\u00e5 spanande opplegg me har vore med p\u00e5, og gode d\u00f8me p\u00e5 korleis andre har teke i festivalskipet\u00a0til alt fr\u00e5 feiringar til store arrangement. 71 Grader NordTransportskip for TV-serien 71\u00b0 nord \u2013 skipet fungerte som logistikk og transport under produksjonen av TV-serien.Tysnesfest \u2013 festival ved sj\u00f8enSkipet har vore ein del av [...]","protected":false},"author":1,"featured_media":0,"parent":0,"menu_order":0,"comment_status":"closed","ping_status":"closed","template":"","meta":{"footnotes":""},"class_list":["post-797","page","type-page","status-publish","hentry","grve-entry-item"],"_links":{"self":[{"href":"https:\/\/mssunnhordland.no\/en\/wp-json\/wp\/v2\/pages\/797","targetHints":{"allow":["GET"]}}],"collection":[{"href":"https:\/\/mssunnhordland.no\/en\/wp-json\/wp\/v2\/pages"}],"about":[{"href":"https:\/\/mssunnhordland.no\/en\/wp-json\/wp\/v2\/types\/page"}],"author":[{"embeddable":true,"href":"https:\/\/mssunnhordland.no\/en\/wp-json\/wp\/v2\/users\/1"}],"replies":[{"embeddable":true,"href":"https:\/\/mssunnhordland.no\/en\/wp-json\/wp\/v2\/comments?post=797"}],"version-history":[{"count":3,"href":"https:\/\/mssunnhordland.no\/en\/wp-json\/wp\/v2\/pages\/797\/revisions"}],"predecessor-version":[{"id":1067,"href":"https:\/\/mssunnhordland.no\/en\/wp-json\/wp\/v2\/pages\/797\/revisions\/1067"}],"wp:attachment":[{"href":"https:\/\/mssunnhordland.no\/en\/wp-json\/wp\/v2\/media?parent=797"}],"curies":[{"name":"wp","href":"https:\/\/api.w.org\/{rel}","templated":true}]}}