{"id":731,"date":"2026-01-27T15:53:14","date_gmt":"2026-01-27T14:53:14","guid":{"rendered":"http:\/\/mssunnhordland-no.creato.no\/cms\/?page_id=731"},"modified":"2026-03-06T10:04:11","modified_gmt":"2026-03-06T09:04:11","slug":"conditions","status":"publish","type":"page","link":"https:\/\/mssunnhordland.no\/en\/betingelser\/","title":{"rendered":"Terms and conditions"},"content":{"rendered":"<div class=\"grve-section grve-row-section grve-fullwidth-background grve-padding-top-2x grve-with-bg-gradient\" data-header-color=\"default\"  style=\"background-color:#ECE7E0;background: linear-gradient(180deg,#ECE7E0 0%,#FFFFFF 100%);\"><div class=\"grve-container\"><div class=\"grve-row grve-bookmark grve-columns-gap-default grve-mobile-vertical-gap-30\"><div class=\"grve-column wpb_column grve-bookmark grve-column-1  grve-with-bg-transparent grve-align-center\"><div class=\"grve-column-wrapper\"><div class=\"grve-column-content\" ><div class=\"grve-element grve-single-icon grve-align-inherit grve-extra-large\" style=\"margin-bottom: 30px;\"><div class=\"grve-wrapper-icon grve-text-custom\" style=\" color: #00000000;\"><div id=\"grve-svg-69f5f97ccf3b7\" data-file=\"https:\/\/mssunnhordland.no\/cms\/wp-content\/uploads\/2026\/01\/HSD-LOGO.svg\" class=\"grve-custom-svg-icon grve-text-custom\"><\/div><\/div><\/div><h3 class=\"grve-element grve-title grve-align-inherit grve-h3\"><span>Terms and cancellation policy:<\/span><\/h3><h3 class=\"grve-element grve-title grve-align-inherit grve-subtitle-text\"><span><strong>Last updated:<\/strong> 6 March 2026<\/span><\/h3><\/div><\/div><\/div><\/div><\/div><\/div><div class=\"grve-section grve-row-section grve-fullwidth-background grve-padding-top-3x grve-padding-bottom-3x grve-with-bg-transparent\" data-header-color=\"default\"><div class=\"grve-container\"><div class=\"grve-row grve-bookmark grve-columns-gap-default grve-mobile-vertical-gap-30 personvernside\"><div class=\"grve-column wpb_column grve-bookmark grve-column-1  grve-with-bg-transparent grve-custom-width-80 grve-tablet-sm-custom-width-100 grve-mobile-custom-width-100\"><div class=\"grve-column-wrapper\"><div class=\"grve-column-content\" ><div class=\"grve-element grve-text\">\n\t\t\t<p>Cancellations made 14 days or less before check-in will be charged in full (100% of the stay). If you cancel within 24 hours after receiving your confirmation, an administrative fee of NOK 500 will apply.<\/p>\n<p>Standard terms:<br \/>\nChanging dates is free of charge as long as the new dates are within 12 months and the change is made more than 14 days before arrival. Please note that only one date change is allowed per reservation. Cancellations made later than 14 days prior to arrival will not be refunded.<\/p>\n<p>For packages and special occasions, separate cancellation policies may apply. Different terms apply when chartering the entire ship.<\/p>\n\n\t\t<\/div>\n\t<\/div><\/div><\/div><\/div><\/div><\/div>","protected":false},"excerpt":{"rendered":"Vilk\u00e5r og avbestillingsfristerSist oppdatert: 6.mars 2026 Ved avbestilling 14 dager eller mindre f\u00f8r innsjekk belastes 100 % av oppholdet. Dersom du avbestiller innen 24 timer etter at bekreftelse er mottatt, p\u00e5l\u00f8per et administrasjonsgebyr p\u00e5 500 NOK. Standard vilk\u00e5r: Endring av datoer er kostnadsfritt s\u00e5 lenge de nye datoene er innen 12 m\u00e5neder, og endringen gj\u00f8res [...]","protected":false},"author":1,"featured_media":0,"parent":0,"menu_order":0,"comment_status":"closed","ping_status":"closed","template":"","meta":{"footnotes":""},"class_list":["post-731","page","type-page","status-publish","hentry","grve-entry-item"],"_links":{"self":[{"href":"https:\/\/mssunnhordland.no\/en\/wp-json\/wp\/v2\/pages\/731","targetHints":{"allow":["GET"]}}],"collection":[{"href":"https:\/\/mssunnhordland.no\/en\/wp-json\/wp\/v2\/pages"}],"about":[{"href":"https:\/\/mssunnhordland.no\/en\/wp-json\/wp\/v2\/types\/page"}],"author":[{"embeddable":true,"href":"https:\/\/mssunnhordland.no\/en\/wp-json\/wp\/v2\/users\/1"}],"replies":[{"embeddable":true,"href":"https:\/\/mssunnhordland.no\/en\/wp-json\/wp\/v2\/comments?post=731"}],"version-history":[{"count":5,"href":"https:\/\/mssunnhordland.no\/en\/wp-json\/wp\/v2\/pages\/731\/revisions"}],"predecessor-version":[{"id":1179,"href":"https:\/\/mssunnhordland.no\/en\/wp-json\/wp\/v2\/pages\/731\/revisions\/1179"}],"wp:attachment":[{"href":"https:\/\/mssunnhordland.no\/en\/wp-json\/wp\/v2\/media?parent=731"}],"curies":[{"name":"wp","href":"https:\/\/api.w.org\/{rel}","templated":true}]}}