{"id":704,"date":"2026-01-27T09:15:02","date_gmt":"2026-01-27T08:15:02","guid":{"rendered":"http:\/\/mssunnhordland-no.creato.no\/cms\/?page_id=704"},"modified":"2026-03-26T18:11:11","modified_gmt":"2026-03-26T17:11:11","slug":"prices","status":"publish","type":"page","link":"https:\/\/mssunnhordland.no\/en\/priser\/","title":{"rendered":"Price overview"},"content":{"rendered":"<div class=\"grve-section grve-row-section grve-fullwidth-background grve-padding-top-2x grve-with-bg-gradient\" data-header-color=\"default\"  style=\"background-color:#ECE7E0;background: linear-gradient(180deg,#ECE7E0 0%,#FFFFFF 100%);\"><div class=\"grve-container\"><div class=\"grve-row grve-bookmark grve-columns-gap-default grve-mobile-vertical-gap-30\"><div class=\"grve-column wpb_column grve-bookmark grve-column-1  grve-with-bg-transparent grve-align-center\"><div class=\"grve-column-wrapper\"><div class=\"grve-column-content\" ><div data-animation=\"fade-in\" data-delay=\"0\" data-duration=\"normal\" class=\"grve-element grve-single-icon grve-align-inherit grve-extra-large grve-animated-item\" style=\"margin-bottom: 30px;\"><div class=\"grve-wrapper-icon grve-text-custom\" style=\" color: #00000000;\"><div id=\"grve-svg-69d4488ec9aa1\" data-file=\"https:\/\/mssunnhordland.no\/cms\/wp-content\/uploads\/2026\/01\/HSD-LOGO.svg\" class=\"grve-custom-svg-icon grve-text-custom\"><\/div><\/div><\/div><h3 data-animation=\"fade-in\" data-delay=\"0\" data-duration=\"normal\" class=\"grve-element grve-title grve-align-inherit grve-animated-item grve-h3\"><span>Price list 2026<\/span><\/h3><h3 data-animation=\"fade-in\" data-delay=\"0\" data-duration=\"normal\" class=\"grve-element grve-title grve-align-inherit grve-animated-item grve-leader-text\" style=\"margin-bottom: 20px;\"><span>Prices for MS Sunnhordland vary according to season, day of the week and type of event. Accommodation includes breakfast, and the ship offers several cabin types. See booking for updated prices for cabins.<\/span><\/h3><h3 data-animation=\"fade-in\" data-delay=\"0\" data-duration=\"normal\" class=\"grve-element grve-title grve-align-inherit grve-animated-item grve-subtitle-text\"><span><strong>Last updated:<\/strong> 23 January 2026<\/span><\/h3><\/div><\/div><\/div><\/div><\/div><\/div><div class=\"grve-section grve-row-section grve-fullwidth-background grve-padding-top-3x grve-padding-bottom-3x grve-with-bg-transparent\" id=\"overnatting\" data-header-color=\"default\"><div class=\"grve-container\"><div class=\"grve-row grve-bookmark grve-columns-gap-default grve-mobile-vertical-gap-30\"><div class=\"grve-column wpb_column grve-bookmark grve-column-1  grve-with-bg-transparent\"><div class=\"grve-column-wrapper\"><div class=\"grve-column-content\" ><h3 class=\"grve-element grve-title grve-align-inherit grve-h3\" style=\"margin-bottom: 30px;\"><span>Overnight stays<\/span><\/h3><div class=\"grve-element grve-text\">\n\t\t\t<p>Prices per night incl. breakfast. Incl. 12 % VAT on accommodation. 25% VAT on food. Prices for spring 2026 at the quay in Leirvik centre or during sailing Festival prices will vary on a case-by-case basis.<\/p>\n\n\t\t<\/div>\n\t<div class=\"grve-empty-space grve-height-1x\"><\/div><div class=\"grve-element grve-text\">\n\t\t\t<div id=\"footable_parent_709\"\n         class=\"footable_parent ninja_table_wrapper loading_ninja_table wp_table_data_press_parent semantic_ui\">\n                <table data-ninja_table_instance=\"ninja_table_instance_0\" data-footable_id=\"709\" data-filter-delay=\"1000\" aria-label=\"Lugares\"            id=\"footable_709\"\n           data-unique_identifier=\"ninja_table_unique_id_1044972236_709\"\n           class=\"foo-table ninja_footable foo_table_709 ninja_table_unique_id_1044972236_709 ui table  ninja_search_right nt_type_ajax_table selectable striped vertical_centered  footable-paging-right ninja_table_search_disabled\">\n                <colgroup>\n                            <col class=\"ninja_column_0\">\n                            <col class=\"ninja_column_1\">\n                            <col class=\"ninja_column_2\">\n                            <col class=\"ninja_column_3\">\n                            <col class=\"ninja_column_4\">\n                    <\/colgroup>\n            <\/table>\n    \n    \n    \n<\/div>\n\n\n\t\t<\/div>\n\t<\/div><\/div><\/div><\/div><\/div><\/div><div class=\"grve-section grve-row-section grve-fullwidth-background grve-with-bg-color grve-equal-columns\" id=\"buffet\" data-header-color=\"default\"  style=\"background-color:#ECE7E0;\"><div class=\"grve-container\"><div class=\"grve-row grve-bookmark grve-columns-gap-default grve-mobile-vertical-gap-30\"><div class=\"grve-column wpb_column grve-bookmark grve-column-1-2  grve-with-bg-transparent grve-custom-width-80 grve-tablet-sm-custom-width-100 grve-mobile-custom-width-100\"><div class=\"grve-column-wrapper\"><div class=\"grve-column-content\" ><div class=\"grve-empty-space grve-height-3x\"><\/div><h3 class=\"grve-element grve-title grve-align-inherit grve-h3\"><span>Sunday buffet<\/span><\/h3><div class=\"grve-element grve-text grve-leader-text\">\n\t\t\t<p>Adult, kr 435-<br \/>\nChildren under 10 years, NOK 195,-<br \/>\nWhen booking Friday, NOK 395,-<\/p>\n\n\t\t<\/div>\n\t<div class=\"grve-empty-space grve-height-2x\"><\/div><h3 class=\"grve-element grve-title grve-align-inherit grve-h3\"><span>Thursday<\/span><\/h3><div class=\"grve-element grve-text grve-leader-text\">\n\t\t\t<p>Adult, kr 279-<br \/>\nWhen booking Wednesday, NOK 249,-<\/p>\n\n\t\t<\/div>\n\t<div class=\"grve-empty-space grve-height-2x\"><\/div><\/div><\/div><\/div><div class=\"grve-column wpb_column grve-bookmark grve-column-1-2  grve-expand-bg grve-expand-bg-right grve-tablet-portrait-expand-bg-both-sides grve-mobile-expand-bg-both-sides grve-with-bg-image\"><div class=\"grve-column-wrapper\"><div class=\"grve-column-content\" ><div class=\"grve-empty-space grve-height-6x\"><\/div><div class=\"grve-empty-space grve-height-6x\"><\/div><\/div><div class=\"grve-background-wrapper\">  <div class=\"grve-bg-image grve-bg-center-center grve-bg-image-id-470 lazyload\"  data-bgset=\"https:\/\/mssunnhordland.no\/cms\/wp-content\/uploads\/2026\/01\/GettyImages-1141644868.jpg 2560w, https:\/\/mssunnhordland.no\/cms\/wp-content\/uploads\/2026\/01\/GettyImages-1141644868-300x200.jpg 300w, https:\/\/mssunnhordland.no\/cms\/wp-content\/uploads\/2026\/01\/GettyImages-1141644868-1024x683.jpg 1024w, https:\/\/mssunnhordland.no\/cms\/wp-content\/uploads\/2026\/01\/GettyImages-1141644868-768x512.jpg 768w, https:\/\/mssunnhordland.no\/cms\/wp-content\/uploads\/2026\/01\/GettyImages-1141644868-1536x1024.jpg 1536w\" data-sizes=\"auto\"><\/div><\/div><\/div><\/div><\/div><\/div><\/div><div class=\"grve-section grve-row-section grve-fullwidth-background grve-padding-top-3x grve-padding-bottom-3x grve-with-bg-transparent\" id=\"leie\" data-header-color=\"default\"><div class=\"grve-container\"><div class=\"grve-row grve-bookmark grve-columns-gap-default grve-mobile-vertical-gap-30\"><div class=\"grve-column wpb_column grve-bookmark grve-column-1  grve-with-bg-transparent\"><div class=\"grve-column-wrapper\"><div class=\"grve-column-content\" ><h3 class=\"grve-element grve-title grve-align-inherit grve-h3\" style=\"margin-bottom: 30px;\"><span>Hire of the ship when sailing<\/span><\/h3><div class=\"grve-element grve-text\">\n\t\t\t<div id=\"footable_parent_710\"\n         class=\"footable_parent ninja_table_wrapper loading_ninja_table wp_table_data_press_parent semantic_ui\">\n                <table data-ninja_table_instance=\"ninja_table_instance_1\" data-footable_id=\"710\" data-filter-delay=\"1000\" aria-label=\"Hire of the ship\"            id=\"footable_710\"\n           data-unique_identifier=\"ninja_table_unique_id_1729947490_710\"\n           class=\"foo-table ninja_footable foo_table_710 ninja_table_unique_id_1729947490_710 ui table  ninja_search_right nt_type_ajax_table selectable striped vertical_centered  footable-paging-right ninja_table_search_disabled\">\n                <colgroup>\n                            <col class=\"ninja_column_0\">\n                            <col class=\"ninja_column_1\">\n                    <\/colgroup>\n            <\/table>\n    \n    \n    \n<\/div>\n\n\n\t\t<\/div>\n\t<\/div><\/div><\/div><\/div><\/div><\/div><div class=\"grve-section grve-row-section grve-fullwidth-background grve-padding-top-3x grve-padding-bottom-1x grve-with-bg-image\" id=\"arrangement\" data-header-color=\"default\"><div class=\"grve-container\"><div class=\"grve-row grve-bookmark grve-columns-gap-default grve-mobile-vertical-gap-30\"><div class=\"grve-column wpb_column grve-bookmark grve-column-1  grve-with-bg-transparent\"><div class=\"grve-column-wrapper\"><div class=\"grve-column-content\" ><h3 class=\"grve-element grve-title grve-align-inherit grve-h3\" style=\"margin-bottom: 30px;\"><span>Large parties and weddings on board<\/span><\/h3><div class=\"grve-element grve-text grve-leader-text\">\n\t\t\t<p>A few tips on prices and opportunities for a company out of the ordinary.<br \/>\n<strong>Example: 50 guests and with 3 course dinner, incl. wine package and welcome<\/strong><\/p>\n\n\t\t<\/div>\n\t<div class=\"grve-empty-space grve-height-3x\"><\/div><\/div><\/div><\/div><\/div><\/div><div class=\"grve-background-wrapper\">  <div class=\"grve-bg-image grve-bg-center-center grve-bg-image-id-589 lazyload\"  data-bgset=\"https:\/\/mssunnhordland.no\/cms\/wp-content\/uploads\/2026\/01\/GettyImages-915613208-scaled.jpg 1707w, https:\/\/mssunnhordland.no\/cms\/wp-content\/uploads\/2026\/01\/GettyImages-915613208-200x300.jpg 200w, https:\/\/mssunnhordland.no\/cms\/wp-content\/uploads\/2026\/01\/GettyImages-915613208-683x1024.jpg 683w, https:\/\/mssunnhordland.no\/cms\/wp-content\/uploads\/2026\/01\/GettyImages-915613208-768x1152.jpg 768w, https:\/\/mssunnhordland.no\/cms\/wp-content\/uploads\/2026\/01\/GettyImages-915613208-1024x1536.jpg 1024w, https:\/\/mssunnhordland.no\/cms\/wp-content\/uploads\/2026\/01\/GettyImages-915613208-1365x2048.jpg 1365w\" data-sizes=\"auto\"><\/div>  <div class=\"grve-bg-overlay\" style=\"background:#ECE7E0A6; background: linear-gradient(180deg,#ECE7E0A6 0%,#FFFFFF 100%);\"><\/div><\/div><\/div><div class=\"grve-section grve-row-section grve-fullwidth-background grve-padding-bottom-3x grve-headings-primary-1 grve-with-bg-transparent\" data-header-color=\"default\"><div class=\"grve-container\"><div class=\"grve-row grve-bookmark grve-columns-gap-default grve-mobile-vertical-gap-30\"><div class=\"grve-column wpb_column grve-bookmark grve-column-1  grve-with-bg-transparent\"><div class=\"grve-column-wrapper\"><div class=\"grve-column-content\" ><div class=\"grve-inner-section grve-with-bg-transparent\"><div class=\"grve-row-inner grve-bookmark grve-columns-gap-default grve-mobile-vertical-gap-30\"><div class=\"grve-column-inner wpb_column grve-column-1-2  grve-with-bg-transparent\"><div class=\"grve-column-wrapper-inner\"><div class=\"grve-column-inner-content\" ><div class=\"grve-element grve-box-icon grve-large grve-side-icon grve-align-left grve-vertical-align-middle grve-layout-1\" style=\"margin-bottom: 30px;\"><div class=\"grve-box-title-wrapper\"><div class=\"grve-wrapper-icon grve-with-shape grve-circle grve-simple grve-bg-primary-2\" style=\"\"><span class=\"grve-box-icon grve-text-white\"><span>1<\/span><\/span><\/div><h3 class=\"grve-box-title grve-h3 grve-text-primary-1\">3 hours sailing time<\/h3><\/div><div class=\"grve-box-content\"><p class=\"grve-leader-text grve-text-primary-2\">Budget: 150.000 kr,-<\/p><\/div><\/div><div class=\"grve-element grve-text\">\n\t\t\t<ul>\n<li>Out on Friday at 1800 and sailing for 3 hours and back to the quay at Leirvik.<\/li>\n<li>Renting the ship and restaurant until 2400 hrs at the quayside<\/li>\n<li>Drinks at the bar are additional or self-pay.<\/li>\n<li>Those staying overnight pay for their own cabins and breakfast<\/li>\n<\/ul>\n\n\t\t<\/div>\n\t<\/div><\/div><\/div><div class=\"grve-column-inner wpb_column grve-column-1-2  grve-with-bg-transparent\"><div class=\"grve-column-wrapper-inner\"><div class=\"grve-column-inner-content\" ><div class=\"grve-element grve-box-icon grve-large grve-side-icon grve-align-left grve-vertical-align-middle grve-layout-1\" style=\"margin-bottom: 30px;\"><div class=\"grve-box-title-wrapper\"><div class=\"grve-wrapper-icon grve-with-shape grve-circle grve-simple grve-bg-primary-2\" style=\"\"><span class=\"grve-box-icon grve-text-white\"><span>2<\/span><\/span><\/div><h3 class=\"grve-box-title grve-h3\">Sailas Sat-Sun<\/h3><\/div><div class=\"grve-box-content\"><p class=\"grve-leader-text grve-text-primary-2\">Budget: 300.000 kr,-<\/p><\/div><\/div><div class=\"grve-element grve-text\">\n\t\t\t<ul>\n<li>Sailing out on Saturday morning and back on Sunday<\/li>\n<li>Parties and activities, shore excursions during the day<\/li>\n<li>There's a big party on Saturday night and everyone stays overnight, and the ship is happy to stop at any desired location.<\/li>\n<li>Back on Sunday until 1500<\/li>\n<\/ul>\n<p>There will be two full days, with lunch on Saturday and lunch on Sunday and 50 guests staying overnight. The budget will then be approximately NOK 300,000 in return for guests paying for their own cabins and beverages apart from the wine package.<\/p>\n\n\t\t<\/div>\n\t<\/div><\/div><\/div><\/div><\/div><div class=\"grve-empty-space grve-height-2x\"><\/div><div class=\"grve-inner-section grve-with-bg-transparent\"><div class=\"grve-row-inner grve-bookmark grve-columns-gap-default grve-mobile-vertical-gap-30\"><div class=\"grve-column-inner wpb_column grve-column-1-2  grve-with-bg-transparent\"><div class=\"grve-column-wrapper-inner\"><div class=\"grve-column-inner-content\" ><div class=\"grve-element grve-box-icon grve-large grve-side-icon grve-align-left grve-vertical-align-middle grve-layout-1\" style=\"margin-bottom: 30px;\"><div class=\"grve-box-title-wrapper\"><div class=\"grve-wrapper-icon grve-with-shape grve-circle grve-simple grve-bg-primary-2\" style=\"\"><span class=\"grve-box-icon grve-text-white\"><span>2<\/span><\/span><\/div><h3 class=\"grve-box-title grve-h3\">Alternative 3<\/h3><\/div><div class=\"grve-box-content\"><p class=\"grve-leader-text grve-text-primary-2\">Budget: 475.000 kr,-<\/p><\/div><\/div><div class=\"grve-element grve-text\">\n\t\t\t<ul>\n<li>That's 1 dinner and 1 wine package extra, plus 1 day.<\/li>\n<li>The budget price is then NOK 475,000 + accommodation.<\/li>\n<\/ul>\n\n\t\t<\/div>\n\t<\/div><\/div><\/div><div class=\"grve-column-inner wpb_column grve-column-1-2  grve-with-bg-transparent\"><div class=\"grve-column-wrapper-inner\"><div class=\"grve-column-inner-content\" ><div class=\"grve-element grve-message grve-text-dark-grey\"><div class=\"grve-message-inner grve-bg-light-grey\"><div class=\"grve-content-wrapper\"><p>This is an example that makes you realise what kind of experiences such a unique ship can provide, as opposed to a more traditional celebration at various hotels around the world.<\/p>\n<p>Here, you can look at many variations, for fancier arrangements or simpler ones. Some include an own share for the party participants.<\/p><\/div><\/div><\/div><\/div><\/div><\/div><\/div><\/div><\/div><\/div><\/div><\/div><\/div><\/div><div class=\"grve-section grve-row-section grve-fullwidth-background grve-padding-top-3x grve-padding-bottom-3x grve-with-bg-color grve-equal-columns\" id=\"moterom\" data-header-color=\"default\"  style=\"background-color:#ECE7E07D;\"><div class=\"grve-container\"><div class=\"grve-row grve-bookmark grve-columns-gap-default grve-mobile-vertical-gap-30 rightcorner2\"><div class=\"grve-column wpb_column grve-bookmark grve-column-1-2  grve-with-bg-transparent\"><div class=\"grve-column-wrapper\"><div class=\"grve-column-content\" ><h3 class=\"grve-element grve-title grve-align-inherit grve-h3\" style=\"margin-bottom: 30px;\"><span>Meeting room hire<\/span><\/h3><div class=\"grve-element grve-text\">\n\t\t\t<p><a href=\"https:\/\/mssunnhordland.no\/en\/\">MS Sunnhordland<\/a> offers unique and atmospheric meeting rooms in maritime surroundings, suitable for both small and large groups.<\/p>\n<p><span style=\"color: #333333;\"><a style=\"color: #333333;\" href=\"https:\/\/en.wikipedia.org\/wiki\/Ship\" target=\"_blank\" rel=\"noopener\">The ship<\/a><\/span> has several lounges and common areas that are ideal for meetings, courses and gatherings - from small meetings for 8-10 people to events for up to 60 participants.<\/p>\n\n\t\t<\/div>\n\t<div class=\"grve-empty-space grve-height-1x\"><\/div><div class=\"grve-element grve-text\">\n\t\t\t<div id=\"footable_parent_713\"\n         class=\"footable_parent ninja_table_wrapper loading_ninja_table wp_table_data_press_parent semantic_ui\">\n                <table data-ninja_table_instance=\"ninja_table_instance_2\" data-footable_id=\"713\" data-filter-delay=\"1000\" aria-label=\"Meeting room hire\"            id=\"footable_713\"\n           data-unique_identifier=\"ninja_table_unique_id_2366598860_713\"\n           class=\"foo-table ninja_footable foo_table_713 ninja_table_unique_id_2366598860_713 ui table  ninja_search_right nt_type_ajax_table selectable hide_vertical_borders striped compact vertical_centered  footable-paging-right ninjatable_hide_header_row ninja_table_search_disabled\">\n                <colgroup>\n                            <col class=\"ninja_column_0\">\n                            <col class=\"ninja_column_1\">\n                            <col class=\"ninja_column_2\">\n                    <\/colgroup>\n            <\/table>\n    \n    \n    \n<\/div>\n\n\n\t\t<\/div>\n\t<\/div><\/div><\/div><div class=\"grve-column wpb_column grve-bookmark grve-column-1-2  grve-with-bg-transparent\"><div class=\"grve-column-wrapper\"><div class=\"grve-column-content\" ><div class=\"grve-element grve-image grve-align-center\">\n\t<div class=\"grve-image-item\">\n\t\t\n\n<div class=\"grve-image-wrapper grve-no-effect\">\n\t\t<div class=\"grve-thumbnail-wrapper\"  style=\"width: 600px;\"><div class=\"grve-thumbnail\"  style=\"padding-top: 75%;\"><img decoding=\"async\" width=\"600\" height=\"450\" src=\"https:\/\/mssunnhordland.no\/cms\/wp-content\/uploads\/2026\/01\/GettyImages-554392027-600x450.jpg\" class=\"attachment-impeka-grve-small-rect-horizontal size-impeka-grve-small-rect-horizontal\" alt=\"\" data-column-space=\"auto\" data-lazyload=\"\" data-grve-filter=\"yes\" srcset=\"https:\/\/mssunnhordland.no\/cms\/wp-content\/uploads\/2026\/01\/GettyImages-554392027-600x450.jpg 600w, https:\/\/mssunnhordland.no\/cms\/wp-content\/uploads\/2026\/01\/GettyImages-554392027-900x675.jpg 900w, https:\/\/mssunnhordland.no\/cms\/wp-content\/uploads\/2026\/01\/GettyImages-554392027-400x300.jpg 400w, https:\/\/mssunnhordland.no\/cms\/wp-content\/uploads\/2026\/01\/GettyImages-554392027-800x600.jpg 800w\" sizes=\"auto, (max-width: 600px) 100vw, 600px\" loading=\"lazy\" \/><\/div><\/div>\t<\/div>\n\t<\/div>\n<\/div>\n<\/div><\/div><\/div><\/div><\/div><\/div><div class=\"grve-section grve-row-section grve-fullwidth-background grve-padding-top-3x grve-padding-bottom-3x grve-with-bg-color grve-equal-columns\" id=\"konfirmasjon\" data-header-color=\"default\"  style=\"background-color:#ECE7E0;margin-bottom: 0px;\"><div class=\"grve-container\"><div class=\"grve-row grve-bookmark grve-columns-gap-default grve-mobile-vertical-gap-30 rightcorner2\"><div class=\"grve-column wpb_column grve-bookmark grve-column-1-2  grve-with-bg-transparent\"><div class=\"grve-column-wrapper\"><div class=\"grve-column-content\" ><h3 class=\"grve-element grve-title grve-align-inherit grve-h3\" style=\"margin-bottom: 30px;\"><span>Confirmation at the quayside<\/span><\/h3><div class=\"grve-element grve-text\">\n\t\t\t<p>Hire the entire 3rd deck for up to 5 hours, with a minimum of 40 paying guests for dinner. Fixed rental price is in addition to food.<\/p>\n<h6>If there are fewer than 40 guests, the area will be divided between two confirmation parties. Any sailing trips are priced according to our own price list.<\/h6>\n<p><em><strong>Note:<\/strong> The ship is not hired out for parties, weddings or meetings where customers bring their own food or drink. Exceptions are made for cakes at large family dinners.<\/em><\/p>\n\n\t\t<\/div>\n\t<div class=\"grve-empty-space grve-height-1x\"><\/div><h3 class=\"grve-element grve-title grve-align-inherit grve-leader-text grve-custom-font-1\" style=\"margin-bottom: 30px;\"><span>NOK 26 250,- + food<\/span><\/h3><\/div><\/div><\/div><div class=\"grve-column wpb_column grve-bookmark grve-column-1-2  grve-with-bg-transparent\"><div class=\"grve-column-wrapper\"><div class=\"grve-column-content\" ><div class=\"grve-element grve-image grve-align-center\" style=\"margin-bottom: 0px;\">\n\t<div class=\"grve-image-item\">\n\t\t\n\n<div class=\"grve-image-wrapper grve-no-effect\">\n\t\t<div class=\"grve-thumbnail-wrapper\"  style=\"width: 600px;\"><div class=\"grve-thumbnail\"  style=\"padding-top: 75%;\"><img decoding=\"async\" width=\"600\" height=\"450\" src=\"https:\/\/mssunnhordland.no\/cms\/wp-content\/uploads\/2026\/01\/GettyImages-2207919745-1-600x450.jpg\" class=\"attachment-impeka-grve-small-rect-horizontal size-impeka-grve-small-rect-horizontal\" alt=\"Price\" data-column-space=\"auto\" data-lazyload=\"\" data-grve-filter=\"yes\" srcset=\"https:\/\/mssunnhordland.no\/cms\/wp-content\/uploads\/2026\/01\/GettyImages-2207919745-1-600x450.jpg 600w, https:\/\/mssunnhordland.no\/cms\/wp-content\/uploads\/2026\/01\/GettyImages-2207919745-1-900x675.jpg 900w, https:\/\/mssunnhordland.no\/cms\/wp-content\/uploads\/2026\/01\/GettyImages-2207919745-1-400x300.jpg 400w, https:\/\/mssunnhordland.no\/cms\/wp-content\/uploads\/2026\/01\/GettyImages-2207919745-1-800x600.jpg 800w\" sizes=\"auto, (max-width: 600px) 100vw, 600px\" loading=\"lazy\" \/><\/div><\/div>\t<\/div>\n\t<\/div>\n<\/div>\n<\/div><\/div><\/div><\/div><\/div><\/div><div class=\"grve-section grve-row-section grve-fullwidth grve-with-bg-transparent\" data-header-color=\"default\"  style=\"margin-bottom: 0px;\"><div class=\"grve-container\"><div class=\"grve-row grve-bookmark grve-columns-gap-default grve-mobile-vertical-gap-30\"><div class=\"grve-column wpb_column grve-bookmark grve-column-1  grve-with-bg-transparent\"><div class=\"grve-column-wrapper\"><div class=\"grve-column-content\" ><div class=\"grve-element grve-align-inherit grve-fullwidth-button\" style=\"margin-bottom: 0px;\"><a href=\"http:\/\/mssunnhordland.no\/cms\/wp-content\/uploads\/2026\/01\/Vilkar-for-leige-av-MS-Sunnhordland-jan-2026.pdf\" class=\"grve-btn grve-square grve-bg-primary-2 grve-border-primary-2 grve-bg-hover-primary-1 grve-border-hover-primary-1 grve-text-white grve-text-hover-white grve-btn-extralarge grve-fullwidth-btn grve-fluid-btn-medium\">\n\t\t<span>Download terms and conditions<\/span>\n\t\t\t\t\t\t\t<\/a><\/div><\/div><\/div><\/div><\/div><\/div><\/div>","protected":false},"excerpt":{"rendered":"Prisliste 2026Prisane for MS Sunnhordland varierer etter sesong, dag i veka og type arrangement. Overnatting inkluderer frukost, og skipet tilbyr fleire lugartypar. Sj\u00e5 booking for oppdaterte priser til lugarer.Sist oppdatert: 23 januar 2026Overnattinger Priser pr. natt inkl. frukost. Inkl. 12 % mva p\u00e5 overnatting. 25% mva p\u00e5 mat. Priser for v\u00e5ren 2026 til kai i [...]","protected":false},"author":1,"featured_media":716,"parent":0,"menu_order":0,"comment_status":"closed","ping_status":"closed","template":"","meta":{"footnotes":""},"class_list":["post-704","page","type-page","status-publish","has-post-thumbnail","hentry","grve-entry-item"],"_links":{"self":[{"href":"https:\/\/mssunnhordland.no\/en\/wp-json\/wp\/v2\/pages\/704","targetHints":{"allow":["GET"]}}],"collection":[{"href":"https:\/\/mssunnhordland.no\/en\/wp-json\/wp\/v2\/pages"}],"about":[{"href":"https:\/\/mssunnhordland.no\/en\/wp-json\/wp\/v2\/types\/page"}],"author":[{"embeddable":true,"href":"https:\/\/mssunnhordland.no\/en\/wp-json\/wp\/v2\/users\/1"}],"replies":[{"embeddable":true,"href":"https:\/\/mssunnhordland.no\/en\/wp-json\/wp\/v2\/comments?post=704"}],"version-history":[{"count":7,"href":"https:\/\/mssunnhordland.no\/en\/wp-json\/wp\/v2\/pages\/704\/revisions"}],"predecessor-version":[{"id":1194,"href":"https:\/\/mssunnhordland.no\/en\/wp-json\/wp\/v2\/pages\/704\/revisions\/1194"}],"wp:featuredmedia":[{"embeddable":true,"href":"https:\/\/mssunnhordland.no\/en\/wp-json\/wp\/v2\/media\/716"}],"wp:attachment":[{"href":"https:\/\/mssunnhordland.no\/en\/wp-json\/wp\/v2\/media?parent=704"}],"curies":[{"name":"wp","href":"https:\/\/api.w.org\/{rel}","templated":true}]}}