{"id":486,"date":"2026-01-15T12:43:23","date_gmt":"2026-01-15T11:43:23","guid":{"rendered":"http:\/\/mssunnhordland-no.creato.no\/cms\/?page_id=486"},"modified":"2026-02-05T02:38:07","modified_gmt":"2026-02-05T01:38:07","slug":"privacy","status":"publish","type":"page","link":"https:\/\/mssunnhordland.no\/en\/personvern\/","title":{"rendered":"Privacy policy"},"content":{"rendered":"<div class=\"grve-section grve-row-section grve-fullwidth-background grve-padding-top-2x grve-with-bg-gradient\" data-header-color=\"default\"  style=\"background-color:#ECE7E0;background: linear-gradient(180deg,#ECE7E0 0%,#FFFFFF 100%);\"><div class=\"grve-container\"><div class=\"grve-row grve-bookmark grve-columns-gap-default grve-mobile-vertical-gap-30\"><div class=\"grve-column wpb_column grve-bookmark grve-column-1  grve-with-bg-transparent grve-align-center\"><div class=\"grve-column-wrapper\"><div class=\"grve-column-content\" ><div class=\"grve-element grve-single-icon grve-align-inherit grve-extra-large\" style=\"margin-bottom: 30px;\"><div class=\"grve-wrapper-icon grve-text-custom\" style=\" color: #00000000;\"><div id=\"grve-svg-69d29cff98ed2\" data-file=\"https:\/\/mssunnhordland.no\/cms\/wp-content\/uploads\/2026\/01\/HSD-LOGO.svg\" class=\"grve-custom-svg-icon grve-text-custom\"><\/div><\/div><\/div><h3 class=\"grve-element grve-title grve-align-inherit grve-h3\"><span>Welcome to our privacy policy<\/span><\/h3><h3 class=\"grve-element grve-title grve-align-inherit grve-leader-text\" style=\"margin-bottom: 20px;\"><span>We want you to have confidence in how we handle personal data. This statement explains what information we collect, why we collect it, how the information is used, and what rights you have under data protection laws (including the GDPR).<\/span><\/h3><h3 class=\"grve-element grve-title grve-align-inherit grve-subtitle-text\"><span><strong>Last updated:<\/strong>\u00a015 January 2026<\/span><\/h3><\/div><\/div><\/div><\/div><\/div><\/div><div class=\"grve-section grve-row-section grve-fullwidth-background grve-padding-top-3x grve-padding-bottom-3x grve-with-bg-transparent\" data-header-color=\"default\"><div class=\"grve-container\"><div class=\"grve-row grve-bookmark grve-columns-gap-default grve-mobile-vertical-gap-30 personvernside\"><div class=\"grve-column wpb_column grve-bookmark grve-column-1  grve-with-bg-transparent grve-custom-width-80 grve-tablet-sm-custom-width-100 grve-mobile-custom-width-100\"><div class=\"grve-column-wrapper\"><div class=\"grve-column-content\" ><div class=\"grve-element grve-text\">\n\t\t\t<h4><span class=\"h4-number\">1.<\/span> Who is responsible for the processing of personal data?<\/h4>\n<p><strong>Data controller:<\/strong><\/p>\n<ul>\n<li>MS Sunnhordland<\/li>\n<li>Nattrutekaien 35, 5411 Stord<\/li>\n<li><a href=\"https:\/\/mssunnhordland.no\/en\/\">https:\/\/mssunnhordland.no\/<\/a><\/li>\n<\/ul>\n<p>For questions related to privacy, please contact us at:<\/p>\n<ul>\n<li>Email: <em>post@mssunnhordland.no<\/em><\/li>\n<li>Telephone: <em>+47 48 11 18 00<\/em><\/li>\n<\/ul>\n<h4><span class=\"h4-number\">2.<\/span> What kind of personal data do we collect?<\/h4>\n<p><strong>a) When visiting the website<\/strong><\/p>\n<ul>\n<li><span style=\"color: #333333;\"><a style=\"color: #333333;\" href=\"https:\/\/en.wikipedia.org\/wiki\/IP_address\" target=\"_blank\" rel=\"noopener\">IP<\/a><\/span>-address (anonymised or aggregated)<\/li>\n<li>Time and duration of the visit<\/li>\n<li>Which pages are visited<\/li>\n<li>Technical information about your browser and device<\/li>\n<\/ul>\n<p>This information is collected through the use of cookies and any<br \/>\nanalysis tests.<\/p>\n<p><strong>b) When you contact us<\/strong><\/p>\n<ul>\n<li>Name of the company<\/li>\n<li>E-mail address<\/li>\n<li>Telephone number<\/li>\n<li>Other information you choose to provide<\/li>\n<\/ul>\n<h4><span class=\"h4-number\">3.<\/span> Why do we process personal data?<\/h4>\n<ul>\n<li>To operate and further develop the website<\/li>\n<li>To respond to enquiries and contact messages<\/li>\n<li>To provide relevant information or services<\/li>\n<li>To analyse the use of the website and improve the user experience<\/li>\n<li>To fulfil statutory requirements<\/li>\n<\/ul>\n<h4><span class=\"h4-number\">4.<\/span> Legal basis for processing<\/h4>\n<p>Processing of personal data takes place on one or more of these grounds:<\/p>\n<ul>\n<li>Consent from you<\/li>\n<li>Agreement where treatment is necessary<\/li>\n<li>Legal obligation<\/li>\n<li>Legitimate interest, e.g. operation and security of the website<\/li>\n<\/ul>\n<h4><span class=\"h4-number\">5.<\/span> Sharing of personal data<\/h4>\n<p>We do not share personal data with others except where necessary, for example:<\/p>\n<ul>\n<li>Suppliers of operations, hosting or technical services<\/li>\n<li>Analysis tests (if used)<\/li>\n<li>Public authorities where required by law<\/li>\n<\/ul>\n<p>All third parties that process data on our behalf are required to comply with applicable<br \/>\nprivacy legislation.<\/p>\n<h4><span class=\"h4-number\">6.<\/span> Information cookies (cookies)<\/h4>\n<p>The website uses cookies to:<\/p>\n<ul>\n<li>Ensure basic functionality<\/li>\n<li>Collect statistics on the use of the website<\/li>\n<li>Improve content and user experience<\/li>\n<\/ul>\n<p>You can control or switch off cookies yourself via the settings in your browser<br \/>\nor through the cookie banner on the website.<\/p>\n<h4><span class=\"h4-number\">7.<\/span> Storage and security<\/h4>\n<p>Personal data is stored for as long as it is necessary for the purpose for which it was collected<br \/>\nfor, or as long as required by law.<\/p>\n<p>We use appropriate technical and organisational measures to secure personal data against<br \/>\nunauthorised access, loss or misuse.<\/p>\n<h4><span class=\"h4-number\">8.<\/span> Your dishes<\/h4>\n<p>You have the right to:<\/p>\n<ul>\n<li>Access to what information we have about you<\/li>\n<li>Correcting erroneous information<\/li>\n<li>To delete personal data<\/li>\n<li>Delineating treatment<\/li>\n<li>Withdrawing consent<\/li>\n<li>Data portability where relevant<\/li>\n<li>Complaining to the Norwegian Data Protection Authority<\/li>\n<\/ul>\n<h4><span class=\"h4-number\">9.<\/span> Changes in the declaration<\/h4>\n<p>This privacy statement may be updated. Significant changes will be published on<br \/>\nwebsite.<\/p>\n<h4><span class=\"h4-number\">10.<\/span> Contact us<\/h4>\n<p>For questions about privacy, please contact:<\/p>\n<ul>\n<li>MS Sunnhordland, Nattrutekaien 35, 5411 Stord<\/li>\n<li>E-mail: post@mssunhordland.no<\/li>\n<li>Phone: +47 48 11 18 00<\/li>\n<\/ul>\n\n\t\t<\/div>\n\t<\/div><\/div><\/div><\/div><\/div><\/div><div class=\"grve-section grve-row-section grve-fullwidth-background grve-percentage-height grve-padding-top-3x grve-padding-bottom-6x grve-with-bg-image grve-bg-fixed\" data-header-color=\"default\" data-height-ratio=\"40\"  style=\"background-color:#00000000;\"><div class=\"grve-container\"><div class=\"grve-row grve-bookmark grve-columns-gap-default grve-mobile-vertical-gap-30 grve-percentage-content\"><div class=\"grve-column wpb_column grve-bookmark grve-column-1  grve-vertical-position-middle grve-with-bg-transparent grve-align-center grve-empty-column\"><div class=\"grve-column-wrapper\"><div class=\"grve-column-content\" ><\/div><\/div><\/div><\/div><\/div><div class=\"grve-background-wrapper\">  <div class=\"grve-bg-image grve-bg-image-id-249 lazyload\"  data-bgset=\"\" data-sizes=\"auto\"><\/div><\/div><\/div>","protected":false},"excerpt":{"rendered":"Velkomen til v\u00e5r personvernerkl\u00e6ringVi \u00f8nskjer at du skal ha tillit til korleis vi handsamar personopplysningar. Denne erkl\u00e6ringa forklarar kva informasjon vi samlar inn, kvifor vi gjer det, korleis opplysningane blir brukte, og kva rettar du har etter personopplysningslovgivinga (inkludert GDPR).Sist oppdatert:\u00a015. januar 2026 1. Kven er ansvarleg for behandling av personopplysningar? Databehandlingsansvarleg: MS Sunnhordland Nattrutekaien [...]","protected":false},"author":1,"featured_media":0,"parent":0,"menu_order":0,"comment_status":"closed","ping_status":"closed","template":"","meta":{"footnotes":""},"class_list":["post-486","page","type-page","status-publish","hentry","grve-entry-item"],"_links":{"self":[{"href":"https:\/\/mssunnhordland.no\/en\/wp-json\/wp\/v2\/pages\/486","targetHints":{"allow":["GET"]}}],"collection":[{"href":"https:\/\/mssunnhordland.no\/en\/wp-json\/wp\/v2\/pages"}],"about":[{"href":"https:\/\/mssunnhordland.no\/en\/wp-json\/wp\/v2\/types\/page"}],"author":[{"embeddable":true,"href":"https:\/\/mssunnhordland.no\/en\/wp-json\/wp\/v2\/users\/1"}],"replies":[{"embeddable":true,"href":"https:\/\/mssunnhordland.no\/en\/wp-json\/wp\/v2\/comments?post=486"}],"version-history":[{"count":0,"href":"https:\/\/mssunnhordland.no\/en\/wp-json\/wp\/v2\/pages\/486\/revisions"}],"wp:attachment":[{"href":"https:\/\/mssunnhordland.no\/en\/wp-json\/wp\/v2\/media?parent=486"}],"curies":[{"name":"wp","href":"https:\/\/api.w.org\/{rel}","templated":true}]}}