{"id":44,"date":"2026-01-12T13:09:39","date_gmt":"2026-01-12T13:09:39","guid":{"rendered":"http:\/\/mssunnhordland-no.creato.no\/cms\/?page_id=44"},"modified":"2026-02-26T11:00:43","modified_gmt":"2026-02-26T10:00:43","slug":"forside","status":"publish","type":"page","link":"https:\/\/mssunnhordland.no\/en\/","title":{"rendered":"Front page - MS Sunnhordland"},"content":{"rendered":"<div class=\"grve-section grve-row-section grve-fullwidth-background grve-padding-top-3x grve-padding-bottom-4x grve-with-bg-color\" data-header-color=\"default\"  style=\"background-color:#ECE7E0;\"><div class=\"grve-container\"><div class=\"grve-row grve-bookmark grve-columns-gap-default grve-mobile-vertical-gap-30\"><div class=\"grve-column wpb_column grve-bookmark grve-column-1  grve-parallax-effect grve-with-bg-transparent grve-align-center\" data-parallax-effect=\"vertical-parallax\"><div class=\"grve-column-wrapper\"><div class=\"grve-column-content\" ><h3 data-animation=\"fade-in\" data-delay=\"0\" data-duration=\"very-slow\" class=\"grve-element grve-title grve-align-inherit grve-animated-item grve-h1\" style=\"margin-bottom: 60px;\"><span>Floating Event Venue<\/span><\/h3><div class=\"grve-empty-space grve-height-1x\"><\/div><div class=\"grve-inner-section grve-with-bg-transparent\"><div class=\"grve-row-inner grve-bookmark grve-columns-gap-default grve-mobile-vertical-gap-30 rightcorner\"><div class=\"grve-column-inner wpb_column grve-column-1-3  grve-with-bg-transparent grve-animated-item\" data-delay=\"0\" data-duration=\"normal\" data-animation=\"fade-in\"><div class=\"grve-column-wrapper-inner\"><div class=\"grve-column-inner-content\" ><div class=\"grve-element grve-media-box grve-align-left grve-style-2 grve-small-shadow grve-radius-10\" style=\"margin-bottom: 30px;min-height: 500px;\"><div class=\"grve-background-wrapper\"><div class=\"grve-bg-image\"   style=\"background-image: url(https:\/\/mssunnhordland.no\/cms\/wp-content\/uploads\/2026\/01\/20250921_133746-768x1024.jpg);\"><\/div><\/div><div class=\"grve-content-wrapper grve-fixed-colors grve-headings-white grve-text-white grve-link-white grve-link-hover-white\"><div class=\"grve-box-content\"><div class=\"grve-content-inner\">    <p><\/p><\/div>  <\/div><\/div><\/div><h3 class=\"grve-element grve-title grve-align-inherit grve-h4 grve-custom-font-2\" style=\"margin-bottom: 60px;\"><span>Accommodation<\/span><\/h3><\/div><a href=\"https:\/\/mssunnhordland.no\/en\/accommodation\/\" title=\"Flotilla \/ Accommodation\" class=\"grve-column-link\"><\/a><\/div><\/div><div class=\"grve-column-inner wpb_column grve-column-1-3  grve-with-bg-transparent grve-animated-item\" data-delay=\"200\" data-duration=\"normal\" data-animation=\"fade-in\"><div class=\"grve-column-wrapper-inner\"><div class=\"grve-column-inner-content\" ><div class=\"grve-element grve-media-box grve-align-left grve-style-2 grve-small-shadow grve-radius-10\" style=\"margin-bottom: 30px;min-height: 500px;\"><div class=\"grve-background-wrapper\"><div class=\"grve-bg-image\"   style=\"background-image: url(https:\/\/mssunnhordland.no\/cms\/wp-content\/uploads\/2026\/01\/20240531_203024-1-1024x768.jpg);\"><\/div><\/div><div class=\"grve-content-wrapper grve-fixed-colors grve-headings-white grve-text-white grve-link-white grve-link-hover-white grve-with-readmore\"><div class=\"grve-box-content\"><div class=\"grve-content-inner\">    <p><\/p><\/div><a href=\"https:\/\/mssunnhordland.no\/en\/restaurant\/\" title=\"Restaurant\" class=\"grve-link-text grve-media-read-more\"><span>Read more<\/span><\/a>  <\/div><\/div><\/div><h3 class=\"grve-element grve-title grve-align-inherit grve-h4 grve-custom-font-2\" style=\"margin-bottom: 60px;\"><span>Restaurant \/ Catering<\/span><\/h3><\/div><a href=\"https:\/\/mssunnhordland.no\/en\/restaurant\/\" title=\"Restaurant\" class=\"grve-column-link\"><\/a><\/div><\/div><div class=\"grve-column-inner wpb_column grve-column-1-3  grve-with-bg-transparent grve-animated-item\" data-delay=\"400\" data-duration=\"normal\" data-animation=\"fade-in\"><div class=\"grve-column-wrapper-inner\"><div class=\"grve-column-inner-content\" ><div class=\"grve-element grve-media-box grve-align-left grve-style-2 grve-small-shadow grve-radius-10\" style=\"margin-bottom: 30px;min-height: 500px;\"><div class=\"grve-background-wrapper\"><div class=\"grve-bg-image\"   style=\"background-image: url(https:\/\/mssunnhordland.no\/cms\/wp-content\/uploads\/2026\/01\/GettyImages-1472256896.jpg);\"><\/div><div class=\"grve-bg-overlay grve-bg-black grve-opacity-30\"><\/div><\/div><div class=\"grve-content-wrapper grve-fixed-colors grve-headings-white grve-text-white grve-link-white grve-link-hover-white grve-with-readmore\"><div class=\"grve-box-content\"><div class=\"grve-content-inner\">    <p><\/p><\/div><a href=\"https:\/\/mssunnhordland.no\/en\/arrangement\/\" title=\"Events\" class=\"grve-link-text grve-media-read-more\"><span>Read more<\/span><\/a>  <\/div><\/div><\/div><h3 class=\"grve-element grve-title grve-align-inherit grve-h4 grve-custom-font-2\" style=\"margin-bottom: 60px;\"><span>Events<\/span><\/h3><\/div><a href=\"https:\/\/mssunnhordland.no\/en\/arrangement\/\" title=\"Events\" class=\"grve-column-link\"><\/a><\/div><\/div><\/div><\/div><\/div><\/div><\/div><\/div><\/div><\/div><div class=\"grve-section grve-row-section grve-fullwidth-background grve-percentage-height grve-padding-bottom-1x grve-with-bg-image grve-bg-fixed\" data-header-color=\"default\" data-height-ratio=\"70\"><div class=\"grve-container\"><div class=\"grve-row grve-bookmark grve-columns-gap-default grve-mobile-vertical-gap-30 grve-percentage-content\"><div class=\"grve-column wpb_column grve-bookmark grve-column-1  grve-with-bg-transparent grve-empty-column\"><div class=\"grve-column-wrapper\"><div class=\"grve-column-content\" ><\/div><\/div><\/div><\/div><\/div><div class=\"grve-background-wrapper\">  <div class=\"grve-bg-image grve-bg-image-id-218 lazyload\"  data-bgset=\"https:\/\/mssunnhordland.no\/cms\/wp-content\/uploads\/2026\/01\/Dancing-01-\u2013-Kopi-1.jpg 2560w, https:\/\/mssunnhordland.no\/cms\/wp-content\/uploads\/2026\/01\/Dancing-01-\u2013-Kopi-1-300x200.jpg 300w, https:\/\/mssunnhordland.no\/cms\/wp-content\/uploads\/2026\/01\/Dancing-01-\u2013-Kopi-1-1024x684.jpg 1024w, https:\/\/mssunnhordland.no\/cms\/wp-content\/uploads\/2026\/01\/Dancing-01-\u2013-Kopi-1-768x513.jpg 768w, https:\/\/mssunnhordland.no\/cms\/wp-content\/uploads\/2026\/01\/Dancing-01-\u2013-Kopi-1-1536x1025.jpg 1536w\" data-sizes=\"auto\"><\/div><\/div><\/div><div class=\"grve-section grve-row-section grve-fullwidth-background grve-padding-bottom-4x grve-with-bg-gradient\" data-header-color=\"default\"  style=\"background-color:#ECE7E0;background: linear-gradient(180deg,#ECE7E0 0%,#FFFFFF 100%);\"><div class=\"grve-container\"><div class=\"grve-row grve-bookmark grve-columns-gap-default grve-mobile-vertical-gap-30 hero-section rightcorner2\"><div class=\"grve-column wpb_column grve-bookmark grve-column-1  grve-vertical-position-middle grve-with-bg-transparent\"><div class=\"grve-column-wrapper\"><div class=\"grve-column-content\" >\n\t<div class=\"wpb_raw_code wpb_raw_html wpb_content_element\" >\n\t\t<div class=\"wpb_wrapper\">\n\t\t\t<div class=\"scroll-rotate-icon\">\n    <span class=\"hover-rotate\">\n        <img decoding=\"async\"\n            src=\"https:\/\/mssunnhordland.no\/cms\/wp-content\/uploads\/2026\/01\/icon-propell_bronsepropell.svg\"\n            alt=\"Rotating propeller icon\">\n    <\/span>\n<\/div>\n\n\t\t<\/div>\n\t<\/div>\n<div class=\"grve-empty-space grve-height-3x\"><\/div><div class=\"grve-element grve-image-text grve-style-1 grve-position-right\" style=\"margin-bottom: 0px;\"><div class=\"grve-image grve-radius-10\"><div class=\"grve-thumbnail-wrapper\"><div class=\"grve-thumbnail\"  style=\"padding-top: 75%;\"><img decoding=\"async\" width=\"560\" height=\"420\" src=\"https:\/\/mssunnhordland.no\/cms\/wp-content\/uploads\/2026\/01\/Restaurant-23-560x420.jpg\" class=\"attachment-impeka-grve-small-rect-horizontal size-impeka-grve-small-rect-horizontal\" alt=\"\" data-column-space=\"100\" data-lazyload=\"\" data-grve-filter=\"yes\" srcset=\"https:\/\/mssunnhordland.no\/cms\/wp-content\/uploads\/2026\/01\/Restaurant-23-560x420.jpg 560w, https:\/\/mssunnhordland.no\/cms\/wp-content\/uploads\/2026\/01\/Restaurant-23-900x675.jpg 900w\" sizes=\"auto, (max-width: 560px) 100vw, 560px\" loading=\"lazy\" \/><\/div><\/div><\/div><div class=\"grve-content grve-align-left\"><div class=\"grve-content-inner\"><h3 class=\"grve-title grve-h2\">Welcome aboard!<\/h3><p class=\"grve-description  grve-leader-text\">Here you get an experience with heart space - both at the quayside and at sea.<\/p>\n<p>Join us on trips and events, enjoy great meals in the restaurant, spend the night on board or create memories with colleagues and guests. MS Sunnhordland is a vibrant meeting place, ready for new experiences.<\/p><a href=\"https:\/\/mssunnhordland.no\/en\/about-us\/\" title=\"History\" class=\"grve-btn grve-square grve-bg-primary-1 grve-border-primary-1 grve-bg-hover-black grve-border-hover-black grve-text-white grve-text-hover-white grve-btn-large slide-btn\">\n\t\t<span>More<\/span>\n\t\t\t\t\t\t\t<\/a><\/div><\/div><\/div><\/div><\/div><\/div><\/div><\/div><\/div><div class=\"grve-section grve-row-section grve-fullwidth-background grve-percentage-height grve-padding-top-1x grve-padding-bottom-1x grve-with-bg-image grve-bg-fixed\" data-header-color=\"default\" data-height-ratio=\"30\"><div class=\"grve-container\"><div class=\"grve-row grve-bookmark grve-columns-gap-default grve-mobile-vertical-gap-30 grve-percentage-content\"><div class=\"grve-column wpb_column grve-bookmark grve-column-1  grve-with-bg-transparent grve-empty-column\"><div class=\"grve-column-wrapper\"><div class=\"grve-column-content\" ><\/div><\/div><\/div><\/div><\/div><div class=\"grve-background-wrapper\">  <div class=\"grve-bg-image grve-bg-image-id-218 lazyload\"  data-bgset=\"https:\/\/mssunnhordland.no\/cms\/wp-content\/uploads\/2026\/01\/Dancing-01-\u2013-Kopi-1.jpg 2560w, https:\/\/mssunnhordland.no\/cms\/wp-content\/uploads\/2026\/01\/Dancing-01-\u2013-Kopi-1-300x200.jpg 300w, https:\/\/mssunnhordland.no\/cms\/wp-content\/uploads\/2026\/01\/Dancing-01-\u2013-Kopi-1-1024x684.jpg 1024w, https:\/\/mssunnhordland.no\/cms\/wp-content\/uploads\/2026\/01\/Dancing-01-\u2013-Kopi-1-768x513.jpg 768w, https:\/\/mssunnhordland.no\/cms\/wp-content\/uploads\/2026\/01\/Dancing-01-\u2013-Kopi-1-1536x1025.jpg 1536w\" data-sizes=\"auto\"><\/div><\/div><\/div><div class=\"grve-section grve-row-section grve-fullwidth-background grve-padding-top-3x grve-padding-bottom-5x grve-with-bg-transparent\" data-header-color=\"default\"><div class=\"grve-container\"><div class=\"grve-row grve-bookmark grve-columns-gap-default grve-mobile-vertical-gap-30 rightcorner2\"><div class=\"grve-column wpb_column grve-bookmark grve-column-1-2 grve-wpb-1768394856906 grve-tablet-sm-column-7-12 grve-with-bg-transparent grve-change-order\"  data-mobile-order=\"2\"><div class=\"grve-column-wrapper\"><div class=\"grve-column-content\" ><h3 class=\"grve-element grve-title grve-align-inherit grve-h6 grve-text-primary-2\"><span><br>\n<h5>MS Sunnhordland History<\/h5>\n<\/span><\/h3><h2 class=\"grve-element grve-animated-text grve-animated-item grve-align-inherit grve-h1 grve-style-2\" data-style=\"style-2\" data-delay=\"0\" data-duration=\"normal\"><span class=\"grve-animated-entry\"><span class=\"grve-line\">From coastal heritage to living icon<\/span><\/span><\/h2><div class=\"grve-inner-section grve-with-bg-transparent\"><div class=\"grve-row-inner grve-bookmark grve-columns-gap-default grve-mobile-vertical-gap-30\"><div class=\"grve-column-inner wpb_column grve-column-1  grve-with-bg-transparent\"><div class=\"grve-column-wrapper-inner\"><div class=\"grve-column-inner-content\" ><div class=\"grve-element grve-text grve-leader-text\">\n\t\t\t<p>A veteran ship that has transported people for generations, <a href=\"https:\/\/mssunnhordland.no\/en\/about-us\/historian\/\">stories<\/a> and traditions along the Norwegian coast.<\/p>\n\n\t\t<\/div>\n\t<div class=\"grve-empty-space grve-height-1x\"><\/div><div class=\"grve-element grve-align-inherit\"><a href=\"https:\/\/mssunnhordland.no\/en\/about-us\/historian\/\" title=\"History\" class=\"grve-btn grve-square grve-bg-primary-1 grve-border-primary-1 grve-bg-hover-black grve-border-hover-black grve-text-white grve-text-hover-white grve-btn-extralarge slide-btn\">\n\t\t<span>More<\/span>\n\t\t\t\t\t\t\t<\/a><\/div><\/div><\/div><\/div><\/div><\/div><\/div><\/div><\/div><div class=\"grve-column wpb_column grve-bookmark grve-column-1-2 grve-wpb-1768394781914 grve-hover-animation grve-magnetism grve-tablet-sm-column-5-12 grve-vertical-position-bottom grve-with-bg-transparent grve-change-order\"  data-mobile-order=\"1\"><div class=\"grve-column-wrapper grve-hover-animation-wrapper\"><div class=\"grve-column-content\" ><div class=\"grve-element grve-image grve-align-inherit\">\n\t<div class=\"grve-image-item\">\n\t\t\n\n<div class=\"grve-image-wrapper grve-radius-10 grve-no-effect\">\n\t\t<div class=\"grve-thumbnail-wrapper\"  style=\"width: 768px;\"><div class=\"grve-thumbnail\"  style=\"padding-top: 58.333%;\"><img decoding=\"async\" width=\"768\" height=\"448\" src=\"https:\/\/mssunnhordland.no\/cms\/wp-content\/uploads\/2026\/01\/Pce-872c-copy-768x448.jpg\" class=\"attachment-medium_large size-medium_large\" alt=\"\" data-column-space=\"auto\" data-lazyload=\"\" data-grve-filter=\"yes\" srcset=\"https:\/\/mssunnhordland.no\/cms\/wp-content\/uploads\/2026\/01\/Pce-872c-copy-768x448.jpg 768w, https:\/\/mssunnhordland.no\/cms\/wp-content\/uploads\/2026\/01\/Pce-872c-copy-300x175.jpg 300w, https:\/\/mssunnhordland.no\/cms\/wp-content\/uploads\/2026\/01\/Pce-872c-copy-1024x597.jpg 1024w, https:\/\/mssunnhordland.no\/cms\/wp-content\/uploads\/2026\/01\/Pce-872c-copy-1536x895.jpg 1536w\" sizes=\"auto, (max-width: 768px) 100vw, 768px\" loading=\"lazy\" \/><\/div><\/div>\t<\/div>\n\t<\/div>\n<\/div>\n<\/div><\/div><\/div><\/div><\/div><\/div><div class=\"grve-section grve-row-section grve-fullwidth-background grve-padding-top-2x grve-padding-bottom-3x grve-with-bg-color\" id=\"instagram\" data-header-color=\"default\"  style=\"background-color:#ECE7E0;margin-bottom: 0px;\"><div class=\"grve-container\"><div class=\"grve-row grve-bookmark grve-columns-gap-default grve-mobile-vertical-gap-30\"><div class=\"grve-column wpb_column grve-bookmark grve-column-1  grve-vertical-position-middle grve-with-bg-transparent\"><div class=\"grve-column-wrapper\"><div class=\"grve-column-content\" ><div data-animation=\"fade-in\" data-delay=\"0\" data-duration=\"normal\" class=\"grve-element grve-box-icon grve-small grve-top-icon grve-animated-item grve-align-center grve-advanced-hover\" style=\"margin-bottom: 60px;\"><a href=\"https:\/\/www.instagram.com\/veteranskipet_ms_sunnhordland\" target=\"_blank\" rel=\"noopener\"><div class=\"grve-wrapper-icon\" style=\"\"><span class=\"grve-box-icon smp-icon-social-instagram grve-text-primary-3\"><\/span><\/div><div class=\"grve-box-content\"><h3 class=\"grve-box-title grve-h4\">Follow us on Instagram<\/h3><\/div><\/a><\/div>\n\t<div class=\"wpb_raw_code wpb_raw_html wpb_content_element\" >\n\t\t<div class=\"wpb_wrapper\">\n\t\t\t<!-- Elfsight Instagram Feed | MS Sunnhordland -->\n<script src=\"https:\/\/elfsightcdn.com\/platform.js\" async><\/script>\n<div class=\"elfsight-app-73142ebe-1f35-4a70-8f71-1ba06fa67f90\" data-elfsight-app-lazy><\/div>\n\t\t<\/div>\n\t<\/div>\n<\/div><\/div><\/div><\/div><\/div><\/div><div class=\"grve-section grve-row-section grve-fullwidth-background grve-with-bg-transparent\" data-header-color=\"default\"  style=\"margin-bottom: 0px;\"><div class=\"grve-container\"><div class=\"grve-row grve-bookmark grve-columns-gap-default grve-mobile-vertical-gap-30\"><div class=\"grve-column wpb_column grve-bookmark grve-column-1  grve-with-bg-transparent\"><div class=\"grve-column-wrapper\"><div class=\"grve-column-content\" >\n\t<div class=\"wpb_raw_code wpb_raw_js\" >\n\t\t<div class=\"wpb_wrapper\">\n\t\t\t<script>\n(function () {\n\n    function waitForElements(callback) {\n        const icon = document.querySelector('.scroll-rotate-icon img');\n        const hero = document.querySelector('.hero-section');\n\n        if (icon && hero) {\n            callback(icon, hero);\n        } else {\n            setTimeout(() => waitForElements(callback), 100);\n        }\n    }\n\n    waitForElements(function (icon, hero) {\n\n        if (window.innerWidth < 768) return;\n\n        let ticking = false;\n\n        function updateVisuals() {\n            const rect = hero.getBoundingClientRect();\n            const viewportHeight = window.innerHeight;\n\n            \/* \n               Progress calculation:\n               0   = hero just enters viewport\n               1   = hero completely passed\n            *\/\n            const progress = Math.min(\n                Math.max(\n                    (viewportHeight - rect.top) \/ (viewportHeight + rect.height),\n                    0\n                ),\n                1\n            );\n\n            const rotation = progress * 720;        \/\/ two full turns\n            const opacity  = 1;  \/\/ fade out gradually\n\n            icon.style.transform = `rotate(${rotation}deg)`;\n            icon.style.opacity = opacity.toFixed(2);\n\n            ticking = false;\n        }\n\n        window.addEventListener('scroll', function () {\n            if (!ticking) {\n                requestAnimationFrame(updateVisuals);\n                ticking = true;\n            }\n        });\n\n        window.addEventListener('resize', updateVisuals);\n\n        updateVisuals();\n    });\n\n})();\n<\/script>\n\n\t\t<\/div>\n\t<\/div>\n<\/div><\/div><\/div><\/div><\/div><\/div>","protected":false},"excerpt":{"rendered":"Flytande selskapslokale Overnatting Les mer Restaurant \/ Catering Les mer Arrangement Velkommen ombord!Her f\u00e5r du ei oppleving med hjarterom \u2013 b\u00e5de ved kai og til sj\u00f8s. Bli med p\u00e5 turar og arrangement, nyt gode m\u00e5ltid i restauranten, overnatt om bord eller skap minner saman med kollegaer og gjester. MS Sunnhordland er ein levande m\u00f8teplass, klar [...]","protected":false},"author":1,"featured_media":305,"parent":0,"menu_order":0,"comment_status":"closed","ping_status":"closed","template":"","meta":{"footnotes":""},"class_list":["post-44","page","type-page","status-publish","has-post-thumbnail","hentry","grve-entry-item"],"_links":{"self":[{"href":"https:\/\/mssunnhordland.no\/en\/wp-json\/wp\/v2\/pages\/44","targetHints":{"allow":["GET"]}}],"collection":[{"href":"https:\/\/mssunnhordland.no\/en\/wp-json\/wp\/v2\/pages"}],"about":[{"href":"https:\/\/mssunnhordland.no\/en\/wp-json\/wp\/v2\/types\/page"}],"author":[{"embeddable":true,"href":"https:\/\/mssunnhordland.no\/en\/wp-json\/wp\/v2\/users\/1"}],"replies":[{"embeddable":true,"href":"https:\/\/mssunnhordland.no\/en\/wp-json\/wp\/v2\/comments?post=44"}],"version-history":[{"count":8,"href":"https:\/\/mssunnhordland.no\/en\/wp-json\/wp\/v2\/pages\/44\/revisions"}],"predecessor-version":[{"id":1095,"href":"https:\/\/mssunnhordland.no\/en\/wp-json\/wp\/v2\/pages\/44\/revisions\/1095"}],"wp:featuredmedia":[{"embeddable":true,"href":"https:\/\/mssunnhordland.no\/en\/wp-json\/wp\/v2\/media\/305"}],"wp:attachment":[{"href":"https:\/\/mssunnhordland.no\/en\/wp-json\/wp\/v2\/media?parent=44"}],"curies":[{"name":"wp","href":"https:\/\/api.w.org\/{rel}","templated":true}]}}