{"id":394,"date":"2026-01-14T14:27:51","date_gmt":"2026-01-14T14:27:51","guid":{"rendered":"http:\/\/mssunnhordland-no.creato.no\/cms\/?page_id=394"},"modified":"2026-03-04T12:21:05","modified_gmt":"2026-03-04T11:21:05","slug":"contact","status":"publish","type":"page","link":"https:\/\/mssunnhordland.no\/en\/kontakt\/","title":{"rendered":"Contact us"},"content":{"rendered":"<div class=\"grve-section grve-row-section grve-fullwidth-background grve-padding-top-3x grve-with-bg-gradient\" data-header-color=\"default\"  style=\"background-color:#ECE7E0;background: linear-gradient(180deg,#ECE7E0 0%,#FFFFFF 100%);\"><div class=\"grve-container\"><div class=\"grve-row grve-bookmark grve-columns-gap-default\"><div class=\"grve-column wpb_column grve-bookmark grve-column-1 grve-wpb-1772622954391 grve-with-bg-transparent grve-align-center\"><div class=\"grve-column-wrapper\"><div class=\"grve-column-content\" ><div data-animation=\"fade-in\" data-delay=\"0\" data-duration=\"very-slow\" class=\"grve-element grve-single-icon grve-align-inherit grve-extra-large grve-animated-item\" style=\"margin-bottom: 30px;\"><div class=\"grve-wrapper-icon grve-text-custom\" style=\" color: #00000000;\"><div id=\"grve-svg-69d29a81f29ca\" data-file=\"https:\/\/mssunnhordland.no\/cms\/wp-content\/uploads\/2026\/01\/HSD-LOGO.svg\" class=\"grve-custom-svg-icon grve-text-custom\"><\/div><\/div><\/div><h3 data-animation=\"fade-in\" data-delay=\"0\" data-duration=\"very-slow\" class=\"grve-element grve-title grve-align-inherit grve-animated-item grve-h3\" style=\"margin-bottom: 0px;\"><span>Me hjelper deg gjerne med \u00e5 skapa eit unikt og vellukka arrangement p\u00e5 MS Sunnhordland.<\/span><\/h3><\/div><\/div><\/div><\/div><\/div><\/div><div class=\"grve-section grve-row-section grve-fullwidth-background grve-padding-top-1x grve-padding-bottom-4x grve-with-bg-transparent grve-equal-columns\" id=\"booking\" data-header-color=\"default\"><div class=\"grve-container\"><div class=\"grve-row grve-bookmark grve-columns-gap-default grve-mobile-vertical-gap-30\"><div class=\"grve-column wpb_column grve-bookmark grve-column-1-2 grve-wpb-1772623233793 grve-horizontal-position-center grve-with-bg-transparent grve-custom-width-80 grve-mobile-custom-width-100 grve-animated-item\" data-delay=\"0\" data-duration=\"normal\" data-animation=\"fade-in\"><div class=\"grve-column-wrapper\"><div class=\"grve-column-content\" ><div class=\"grve-empty-space grve-height-1x\"><\/div><h3 class=\"grve-element grve-title grve-align-inherit grve-h4\"><span>Kva kan me hjelpa deg med?<\/span><\/h3><div class=\"grve-element grve-text\">\n\t\t\t<p>\u00d8nskjer du \u00e5 booka eit <span style=\"color: #333333;\"><a style=\"color: #333333;\" href=\"https:\/\/mssunnhordland.no\/arrangement\/\">arrangement<\/a><\/span>, ei lugar, bord i<br \/>\nrestauranten, <span style=\"color: #333333;\"><a style=\"color: #333333;\" href=\"https:\/\/en.wikipedia.org\/wiki\/Catering\" target=\"_blank\" rel=\"noopener\">catering<\/a><\/span> \u2013 eller har du andre sp\u00f8rsm\u00e5l?<br \/>\nIkkje n\u00f8l med \u00e5 ta kontakt.<\/p>\n<p>Skriv gjerne eit par linjer om kva det gjeld, s\u00e5 h\u00f8yrer<br \/>\ndu fr\u00e5 oss.<\/p>\n\n\t\t<\/div>\n\t<div class=\"grve-empty-space grve-height-1x\"><\/div><div class=\"grve-element grve-align-inherit\"><a href=\"http:\/\/mssunnhordland.no\/cms\/wp-content\/uploads\/2026\/01\/Vilkar-for-leige-av-MS-Sunnhordland-jan-2026.pdf\" class=\"grve-btn-text grve-btn-only-text grve-text-primary-2 grve-text-hover-primary-1 grve-btn-extralarge grve-with-icon\">\n\t\t<div class=\"grve-btn-inner\">\n\t\t<span>Last ned betingelser og vilk\u00e5r<\/span>\n\t\t<span class=\"screen-reader-text\">Last ned betingelser<\/span>\n\t\t\t\t\t\t\t<div class=\"grve-btn-icon\">\n\t\t\t<span class=\"grve-icon fa fa-solid fa-download\"><\/span>\n\t\t<\/div>\n\t\t\t\t\t<\/div>\n\t<\/a><\/div><div class=\"grve-empty-space grve-height-1x\"><\/div><div class=\"grve-element grve-text\">\n\t\t\t<p>M\/S Sunnhordland<br \/>\nLeirvik Gjestehavn, 5411 Stord<\/p>\n<p>T: <a href=\"tel:+47 48 11 18 00\">+47 48 11 18 00<\/a><br \/>\nE: <a href=\"mailto:post@sunnhordland.no\">post@sunnhordland.no<\/a><\/p>\n\n\t\t<\/div>\n\t<div class=\"grve-empty-space grve-height-1x\"><\/div><\/div><\/div><\/div><div class=\"grve-column wpb_column grve-bookmark grve-column-1-2 grve-wpb-1772623246863 grve-with-bg-transparent\"><div class=\"grve-column-wrapper\"><div class=\"grve-column-content\" ><div class=\"grve-element grve-text\">\n\t\t\t<link rel='stylesheet' id='formidable-css' href='https:\/\/mssunnhordland.no\/cms\/wp-content\/plugins\/formidable\/css\/formidableforms.css' media='all' \/>\n<div class=\"frm_forms  with_frm_style frm_style_divi\" id=\"frm_form_1_container\" data-token=\"eba3743e537bf27c1658c4f9c7368e51\">\n<form enctype=\"multipart\/form-data\" method=\"post\" class=\"frm-show-form  frm_js_validate  frm_ajax_submit  frm_pro_form \" id=\"form_ms-kontakt\" data-token=\"eba3743e537bf27c1658c4f9c7368e51\">\n<div class=\"frm_form_fields \">\n<fieldset>\n<legend class=\"frm_screen_reader\">Kontakt oss<\/legend>\r\n\r\n<div class=\"frm_fields_container\">\n<input type=\"hidden\" name=\"frm_action\" value=\"create\" \/>\n<input type=\"hidden\" name=\"form_id\" value=\"1\" \/>\n<input type=\"hidden\" name=\"frm_hide_fields_1\" id=\"frm_hide_fields_1\" value=\"\" \/>\n<input type=\"hidden\" name=\"form_key\" value=\"ms-kontakt\" \/>\n<input type=\"hidden\" name=\"item_meta[0]\" value=\"\" \/>\n<input type=\"hidden\" id=\"frm_submit_entry_1\" name=\"frm_submit_entry_1\" value=\"37f94a8fb7\" \/><input type=\"hidden\" name=\"_wp_http_referer\" value=\"\/en\/wp-json\/wp\/v2\/pages\/394\" \/><div id=\"frm_field_33_container\" class=\"frm_form_field form-field  frm_top_container frm12 frm_first horizontal_radio\">\r\n\t<label for=\"field_hhput\" id=\"field_hhput_label\" class=\"frm_primary_label\">Hva gjeld det\r\n\t\t<span class=\"frm_required\" aria-hidden=\"true\"><\/span>\r\n\t<\/label>\r\n\t\t\t<div class=\"frm_radio\" id=\"frm_radio_33-0\">\t\t\t<label  for=\"field_hhput-0\">\n\t\t\t\t\t<input type=\"radio\" name=\"item_meta[33]\" id=\"field_hhput-0\" value=\"Generelt\"\n\t\t data-frmval=\"Generelt\" data-invmsg=\"Hva gjeld det is invalid\"  checked=\"checked\" \/> Generelt<\/label><\/div>\n\t\t<div class=\"frm_radio\" id=\"frm_radio_33-1\">\t\t\t<label  for=\"field_hhput-1\">\n\t\t\t\t\t<input type=\"radio\" name=\"item_meta[33]\" id=\"field_hhput-1\" value=\"Overnatting\"\n\t\t data-frmval=\"Generelt\" data-invmsg=\"Hva gjeld det is invalid\"   \/> Overnatting<\/label><\/div>\n\t\t<div class=\"frm_radio\" id=\"frm_radio_33-2\">\t\t\t<label  for=\"field_hhput-2\">\n\t\t\t\t\t<input type=\"radio\" name=\"item_meta[33]\" id=\"field_hhput-2\" value=\"Leige av skipet\"\n\t\t data-frmval=\"Generelt\" data-invmsg=\"Hva gjeld det is invalid\"   \/> Leige av skipet<\/label><\/div>\n\r\n\t\r\n\t\r\n<\/div>\n<div id=\"frm_field_39_container\" class=\"frm_form_field frm_section_heading form-field frm_inside_container\">\r\n<h3 class=\"frm_pos_inside frm_section_spacing\">Leige av skipet<\/h3>\r\n\r\n\r\n<div id=\"frm_field_42_container\" class=\"frm_form_field form-field  frm_top_container frm12 frm_first horizontal_radio\">\r\n\t<div  id=\"field_54lze_label\" class=\"frm_primary_label\">Type leige\r\n\t\t<span class=\"frm_required\" aria-hidden=\"true\"><\/span>\r\n\t<\/div>\r\n\t<div class=\"frm_opt_container\" aria-labelledby=\"field_54lze_label\" role=\"radiogroup\">\t\t<div class=\"frm_radio\" id=\"frm_radio_42-39-0\">\t\t\t<label  for=\"field_54lze-0\">\n\t\t\t\t\t<input type=\"radio\" name=\"item_meta[42]\" id=\"field_54lze-0\" value=\"Tur\"\n\t\t data-sectionid=\"39\"  data-invmsg=\"Type leige is invalid\"   \/> Tur<\/label><\/div>\n\t\t<div class=\"frm_radio\" id=\"frm_radio_42-39-1\">\t\t\t<label  for=\"field_54lze-1\">\n\t\t\t\t\t<input type=\"radio\" name=\"item_meta[42]\" id=\"field_54lze-1\" value=\"Til kai\"\n\t\t data-sectionid=\"39\"  data-invmsg=\"Type leige is invalid\"   \/> Til kai<\/label><\/div>\n<\/div>\r\n\t\r\n\t\r\n<\/div>\n<div id=\"frm_field_41_container\" class=\"frm_form_field form-field  frm_inside_container frm6 frm_first\">\r\n\t<label for=\"field_adlxc\" id=\"field_adlxc_label\" class=\"frm_primary_label\">Aktuelle datoer\r\n\t\t<span class=\"frm_required\" aria-hidden=\"true\"><\/span>\r\n\t<\/label>\r\n\t<input  type=\"text\" id=\"field_adlxc\" name=\"item_meta[41]\" value=\"\"  data-sectionid=\"39\"  data-invmsg=\"Aktuelle datoer is invalid\" aria-invalid=\"false\"   \/>\r\n\t\r\n\t\r\n<\/div>\n<div id=\"frm_field_43_container\" class=\"frm_form_field form-field  frm_inside_container frm6\">\r\n\t<label for=\"field_zhkgt\" id=\"field_zhkgt_label\" class=\"frm_primary_label\">Antall gjestar ca\r\n\t\t<span class=\"frm_required\" aria-hidden=\"true\"><\/span>\r\n\t<\/label>\r\n\t<input type=\"number\" id=\"field_zhkgt\" name=\"item_meta[43]\" value=\"\" data-sectionid=\"39\"  data-invmsg=\"Antall gjestar ca is invalid\" aria-invalid=\"false\"   min=\"1\" max=\"300\" step=\"any\" \/>\r\n\t\r\n\t\r\n<\/div>\n<\/div>\n<div id=\"frm_field_34_container\" class=\"frm_form_field frm_section_heading form-field frm_inside_container\">\r\n<h3 class=\"frm_pos_inside frm_section_spacing\">Overnatting<\/h3>\r\n\r\n\r\n<div id=\"frm_field_36_container\" class=\"frm_form_field form-field  frm_required_field frm_inside_container frm4 frm_first\">\r\n\t<label for=\"field_6nipk\" id=\"field_6nipk_label\" class=\"frm_primary_label\">Ankomst\r\n\t\t<span class=\"frm_required\" aria-hidden=\"true\">*<\/span>\r\n\t<\/label>\r\n\t<input type=\"text\" id=\"field_6nipk\" name=\"item_meta[36]\" value=\"\"  data-sectionid=\"34\"  maxlength=\"10\" data-reqmsg=\"Ankomst kan ikke v\u00e6re tomt\" aria-required=\"true\" data-invmsg=\"Ankomst is invalid\" class=\"frm_date\" aria-invalid=\"false\"  \/>\r\n\t\r\n\t\r\n<\/div>\n<div id=\"frm_field_37_container\" class=\"frm_form_field form-field  frm_inside_container frm4\">\r\n\t<label for=\"field_q02y9\" id=\"field_q02y9_label\" class=\"frm_primary_label\">Avreise\r\n\t\t<span class=\"frm_required\" aria-hidden=\"true\"><\/span>\r\n\t<\/label>\r\n\t<input type=\"text\" id=\"field_q02y9\" name=\"item_meta[37]\" value=\"\"  data-sectionid=\"34\"  maxlength=\"10\" data-invmsg=\"Avreise is invalid\" class=\"frm_date\" aria-invalid=\"false\"  \/>\r\n\t\r\n\t\r\n<\/div>\n<div id=\"frm_field_38_container\" class=\"frm_form_field form-field  frm_required_field frm_inside_container frm4\">\r\n\t<label for=\"field_t1pdg\" id=\"field_t1pdg_label\" class=\"frm_primary_label\">Antall lugarar\r\n\t\t<span class=\"frm_required\" aria-hidden=\"true\">*<\/span>\r\n\t<\/label>\r\n\t<input type=\"number\" id=\"field_t1pdg\" name=\"item_meta[38]\" value=\"\" data-sectionid=\"34\"  data-reqmsg=\"Antall lugarar kan ikke v\u00e6re tomt\" aria-required=\"true\" data-invmsg=\"Antall lugarar is invalid\" aria-invalid=\"false\"   min=\"1\" max=\"36\" step=\"any\" \/>\r\n\t\r\n\t\r\n<\/div>\n<\/div>\n<div id=\"frm_field_1_container\" class=\"frm_form_field form-field  frm_required_field frm_inside_container frm12 frm_first\">\r\n\t<label for=\"field_qh4icy\" id=\"field_qh4icy_label\" class=\"frm_primary_label\">Navn\r\n\t\t<span class=\"frm_required\" aria-hidden=\"true\">*<\/span>\r\n\t<\/label>\r\n\t<input  type=\"text\" id=\"field_qh4icy\" name=\"item_meta[1]\" value=\"\"  data-reqmsg=\"Navn kan ikke v\u00e6re tomt\" aria-required=\"true\" data-invmsg=\"Navn is invalid\" aria-invalid=\"false\"   \/>\r\n\t\r\n\t\r\n<\/div>\n<div id=\"frm_field_3_container\" class=\"frm_form_field form-field  frm_required_field frm_inside_container frm6 frm_first\">\r\n\t<label for=\"field_29yf4d\" id=\"field_29yf4d_label\" class=\"frm_primary_label\">Epost\r\n\t\t<span class=\"frm_required\" aria-hidden=\"true\">*<\/span>\r\n\t<\/label>\r\n\t<input type=\"email\" id=\"field_29yf4d\" name=\"item_meta[3]\" value=\"\"  data-reqmsg=\"Epost m\u00e5 fylles ut\" aria-required=\"true\" data-invmsg=\"Ugyldig epost\" aria-invalid=\"false\"  \/>\r\n\t\r\n\t\r\n<\/div>\n<div id=\"frm_field_7_container\" class=\"frm_form_field form-field  frm_inside_container frm6\">\r\n\t<label for=\"field_vzp2d\" id=\"field_vzp2d_label\" class=\"frm_primary_label\">Telefon\r\n\t\t<span class=\"frm_required\" aria-hidden=\"true\"><\/span>\r\n\t<\/label>\r\n\t<input  type=\"text\" id=\"field_vzp2d\" name=\"item_meta[7]\" value=\"\"  data-invmsg=\"Telefon is invalid\" aria-invalid=\"false\"   \/>\r\n\t\r\n\t\r\n<\/div>\n<div id=\"frm_field_5_container\" class=\"frm_form_field form-field  frm_required_field frm_inside_container frm_full\">\r\n\t<label for=\"field_9jv0r1\" id=\"field_9jv0r1_label\" class=\"frm_primary_label\">Melding\r\n\t\t<span class=\"frm_required\" aria-hidden=\"true\">*<\/span>\r\n\t<\/label>\r\n\t<textarea name=\"item_meta[5]\" id=\"field_9jv0r1\" rows=\"5\"  data-reqmsg=\"Melding kan ikke v\u00e6re tomt.\" aria-required=\"true\" data-invmsg=\"Melding er ugyldig\" aria-invalid=\"false\"  ><\/textarea>\r\n\t\r\n\t\r\n<\/div>\n<div id=\"frm_field_6_container\" class=\"frm_form_field form-field \">\r\n\t<div class=\"frm_submit frm_flex\">\r\n<button class=\"frm_button_submit frm_final_submit\" type=\"submit\"   formnovalidate=\"formnovalidate\">Send henvendelse<\/button>\r\n\r\n\r\n\r\n<\/div>\r\n<\/div>\n\t<input type=\"hidden\" name=\"item_key\" value=\"\" \/>\n\t\t\t<div id=\"frm_field_73_container\">\n\t\t\t<label for=\"field_3hys7\" >\n\t\t\t\tIf you are human, leave this field blank.\t\t\t<\/label>\n\t\t\t<input  id=\"field_3hys7\" type=\"text\" class=\"frm_form_field form-field frm_verify\" name=\"item_meta[73]\" value=\"\"  \/>\n\t\t<\/div>\n\t\t<input name=\"frm_state\" type=\"hidden\" value=\"ey8xcx+\/WV06hYK3jgmoBJwOJtVE1SXQ02\/nmKM65wK3w7FBMbNLnbCjZ28mnKp5\" \/><\/div>\n<\/fieldset>\n<\/div>\n<script type=\"text\/javascript\">var input = document.createElement('input');\n    input.setAttribute('type', 'hidden');\n    input.setAttribute('name', 'ct_checkjs_frm');\n    input.setAttribute('value', 'f52adfaf2893c738f8dc8248a312de0db302e622e1c492430f238b82e59d97fc');\n    for (i = 0; i < document.forms.length; i++) {\n        if (typeof document.forms[i].id == 'string'){\n\t\t\tif(document.forms[i].id.search('form_ms-kontakt') != -1) {\n            document.forms[i].appendChild(input);\n\t\t\t}\n        }\n    }<\/script>\n\n<\/form>\n<\/div>\n\n\n\t\t<\/div>\n\t<\/div><\/div><\/div><\/div><\/div><\/div><div class=\"grve-section grve-row-section grve-fullwidth grve-with-bg-transparent grve-equal-columns\" data-header-color=\"default\"  style=\"color:#181E36;margin-bottom: 0px;\"><div class=\"grve-container\"><div class=\"grve-row grve-bookmark grve-columns-gap-none\"><div class=\"grve-column wpb_column grve-bookmark grve-column-2-3  grve-tablet-column-1 grve-tablet-sm-column-1 grve-with-bg-image\"><div class=\"grve-column-wrapper\"><div class=\"grve-column-content\" ><div style=\"height: 400px;\" class=\"grve-empty-space\"><\/div><\/div><div class=\"grve-background-wrapper\">  <div class=\"grve-bg-image grve-bg-center-center grve-bg-image-id-1034 lazyload\"  data-bgset=\"https:\/\/mssunnhordland.no\/cms\/wp-content\/uploads\/2026\/02\/kartguide_stord_min.jpg 2560w, https:\/\/mssunnhordland.no\/cms\/wp-content\/uploads\/2026\/02\/kartguide_stord_min-300x169.jpg 300w, https:\/\/mssunnhordland.no\/cms\/wp-content\/uploads\/2026\/02\/kartguide_stord_min-1024x576.jpg 1024w, https:\/\/mssunnhordland.no\/cms\/wp-content\/uploads\/2026\/02\/kartguide_stord_min-768x432.jpg 768w, https:\/\/mssunnhordland.no\/cms\/wp-content\/uploads\/2026\/02\/kartguide_stord_min-1536x864.jpg 1536w, https:\/\/mssunnhordland.no\/cms\/wp-content\/uploads\/2026\/02\/kartguide_stord_min-18x10.jpg 18w, https:\/\/mssunnhordland.no\/cms\/wp-content\/uploads\/2026\/02\/kartguide_stord_min-1390x782.jpg 1390w\" data-sizes=\"auto\"><\/div><\/div><\/div><\/div><div class=\"grve-column wpb_column grve-bookmark grve-column-1-3  grve-headings-primary-4 grve-link-primary-4 grve-link-hover-primary-2 grve-tablet-column-1 grve-tablet-sm-column-1 grve-horizontal-position-center grve-with-bg-color grve-custom-width-80\"  style=\"color:#ECE7E0;\"><div class=\"grve-column-wrapper info_kart\"  style=\"background-color:#181E36;\"><div class=\"grve-column-content\" ><div class=\"grve-empty-space grve-height-2x\"><\/div><div class=\"grve-element grve-text\">\n\t\t\t<p><a href=\"https:\/\/mssunnhordland.no\/cms\/wp-content\/uploads\/2026\/02\/Kart_hotell_propell.svg\"><img loading=\"lazy\" decoding=\"async\" class=\"alignnone wp-image-951\" src=\"https:\/\/mssunnhordland.no\/cms\/wp-content\/uploads\/2026\/02\/Kart_hotell_propell.svg\" alt=\"\" width=\"314\" height=\"129\" \/><\/a><\/p>\n\n\t\t<\/div>\n\t<div class=\"grve-empty-space grve-height-1x\"><\/div><div class=\"grve-element grve-text\">\n\t\t\t<p><strong>MS Sunnhordland<\/strong> ligger sentralt i Leirvik sentrum, med kort avstand til de fleste attraksjonene. Velkommen ombord p\u00e5 v\u00e5r propelldrevne hotell og kartguide.<\/p>\n\n\t\t<\/div>\n\t<div class=\"grve-empty-space grve-height-1x\"><\/div><div class=\"grve-inner-section grve-with-bg-transparent\"><div class=\"grve-row-inner grve-bookmark grve-columns-gap-default grve-mobile-vertical-gap-30\"><div class=\"grve-column-inner wpb_column grve-column-1-2  grve-with-bg-transparent\"><div class=\"grve-column-wrapper-inner\"><div class=\"grve-column-inner-content\" ><div class=\"grve-element grve-box-icon grve-small grve-side-icon grve-align-left grve-vertical-align-middle grve-layout-1\"><a href=\"#stord\"><div class=\"grve-box-title-wrapper\"><div class=\"grve-wrapper-icon\" style=\"\"><span class=\"grve-box-icon smp-icon-size-fullscreen grve-text-primary-4\"><\/span><\/div><h3 class=\"grve-box-title grve-leader-text grve-custom-font-1\">Se stort bilde<\/h3><\/div><\/a><\/div><\/div><\/div><\/div><div class=\"grve-column-inner wpb_column grve-column-1-2  grve-with-bg-transparent\"><div class=\"grve-column-wrapper-inner\"><div class=\"grve-column-inner-content\" ><div class=\"grve-element grve-single-icon grve-align-inherit grve-medium\"><div class=\"grve-wrapper-icon grve-text-primary-4\"><a href=\"https:\/\/mssunnhordland.no\/cms\/wp-content\/uploads\/2026\/02\/mssunnhordland-kart-leirvik_26.pdf\" target=\"_blank\"><span class=\"grve-icon smp-icon-cloud-download\"><\/span><\/a><\/div><\/div><\/div><\/div><\/div><\/div><\/div><div class=\"grve-empty-space grve-height-2x\"><\/div><div class=\"grve-element grve-box-icon grve-medium grve-side-icon grve-align-left grve-vertical-align-middle grve-layout-1\" style=\"margin-bottom: 15px;\"><div class=\"grve-box-title-wrapper\"><div class=\"grve-wrapper-icon grve-with-shape grve-circle grve-simple grve-bg-custom\" style=\" background-color: #F7BC46;\"><span class=\"grve-box-icon grve-text-primary-1\"><span>1<\/span><\/span><\/div><h3 class=\"grve-box-title grve-leader-text\">Parkering<\/h3><\/div><\/div><div class=\"grve-element grve-box-icon grve-medium grve-side-icon grve-align-left grve-vertical-align-middle grve-layout-1\" style=\"margin-bottom: 15px;\"><div class=\"grve-box-title-wrapper\"><div class=\"grve-wrapper-icon grve-with-shape grve-circle grve-simple grve-bg-custom\" style=\" background-color: #F7BC46;\"><span class=\"grve-box-icon grve-text-primary-1\"><span>2<\/span><\/span><\/div><h3 class=\"grve-box-title grve-leader-text\">Bussterminal \/ Akerbussen<\/h3><\/div><\/div><div class=\"grve-element grve-box-icon grve-medium grve-side-icon grve-align-left grve-vertical-align-middle grve-layout-1\" style=\"margin-bottom: 15px;\"><div class=\"grve-box-title-wrapper\"><div class=\"grve-wrapper-icon grve-with-shape grve-circle grve-simple grve-bg-custom\" style=\" background-color: #F7BC46;\"><span class=\"grve-box-icon grve-text-primary-1\"><span>3<\/span><\/span><\/div><h3 class=\"grve-box-title grve-leader-text\">Taxi<\/h3><\/div><\/div><div class=\"grve-element grve-box-icon grve-medium grve-side-icon grve-align-left grve-vertical-align-middle grve-layout-1\" style=\"margin-bottom: 15px;\"><div class=\"grve-box-title-wrapper\"><div class=\"grve-wrapper-icon grve-with-shape grve-circle grve-simple grve-bg-custom\" style=\" background-color: #F7BC46;\"><span class=\"grve-box-icon grve-text-primary-1\"><span>4<\/span><\/span><\/div><h3 class=\"grve-box-title grve-leader-text\">Hurtigb\u00e5tterminal<\/h3><\/div><\/div><div class=\"grve-element grve-box-icon grve-medium grve-side-icon grve-align-left grve-vertical-align-middle grve-layout-1\" style=\"margin-bottom: 15px;\"><div class=\"grve-box-title-wrapper\"><div class=\"grve-wrapper-icon grve-with-shape grve-circle grve-simple grve-bg-custom\" style=\" background-color: #F7BC46;\"><span class=\"grve-box-icon grve-text-primary-1\"><span>5<\/span><\/span><\/div><h3 class=\"grve-box-title grve-leader-text\">Stord lufthamn (13km)<\/h3><\/div><\/div><div class=\"grve-empty-space grve-height-1x\"><\/div><\/div><\/div><\/div><\/div><\/div><\/div><div class=\"grve-section grve-row-section grve-fullwidth-background grve-percentage-height grve-padding-bottom-1x grve-with-bg-image grve-bg-fixed\" data-header-color=\"default\" data-height-ratio=\"70\"><div class=\"grve-container\"><div class=\"grve-row grve-bookmark grve-columns-gap-default grve-mobile-vertical-gap-30 grve-percentage-content\"><div class=\"grve-column wpb_column grve-bookmark grve-column-1  grve-with-bg-transparent grve-empty-column\"><div class=\"grve-column-wrapper\"><div class=\"grve-column-content\" ><\/div><\/div><\/div><\/div><\/div><div class=\"grve-background-wrapper\">  <div class=\"grve-bg-image grve-bg-image-id-24 lazyload\"  data-bgset=\"https:\/\/mssunnhordland.no\/cms\/wp-content\/uploads\/2026\/01\/20240511_141804-scaled.jpg 2560w, https:\/\/mssunnhordland.no\/cms\/wp-content\/uploads\/2026\/01\/20240511_141804-300x225.jpg 300w, https:\/\/mssunnhordland.no\/cms\/wp-content\/uploads\/2026\/01\/20240511_141804-1024x768.jpg 1024w, https:\/\/mssunnhordland.no\/cms\/wp-content\/uploads\/2026\/01\/20240511_141804-768x576.jpg 768w, https:\/\/mssunnhordland.no\/cms\/wp-content\/uploads\/2026\/01\/20240511_141804-1536x1152.jpg 1536w, https:\/\/mssunnhordland.no\/cms\/wp-content\/uploads\/2026\/01\/20240511_141804-560x420.jpg 560w, https:\/\/mssunnhordland.no\/cms\/wp-content\/uploads\/2026\/01\/20240511_141804-900x675.jpg 900w\" data-sizes=\"auto\"><\/div><\/div><\/div>\n","protected":false},"excerpt":{"rendered":"Me hjelper deg gjerne med \u00e5 skapa eit unikt og vellukka arrangement p\u00e5 MS Sunnhordland.Kva kan me hjelpa deg med? \u00d8nskjer du \u00e5 booka eit arrangement, ei lugar, bord i restauranten, catering \u2013 eller har du andre sp\u00f8rsm\u00e5l? Ikkje n\u00f8l med \u00e5 ta kontakt. Skriv gjerne eit par linjer om kva det gjeld, s\u00e5 h\u00f8yrer [...]","protected":false},"author":1,"featured_media":988,"parent":0,"menu_order":0,"comment_status":"closed","ping_status":"closed","template":"","meta":{"footnotes":""},"class_list":["post-394","page","type-page","status-publish","has-post-thumbnail","hentry","grve-entry-item"],"_links":{"self":[{"href":"https:\/\/mssunnhordland.no\/en\/wp-json\/wp\/v2\/pages\/394","targetHints":{"allow":["GET"]}}],"collection":[{"href":"https:\/\/mssunnhordland.no\/en\/wp-json\/wp\/v2\/pages"}],"about":[{"href":"https:\/\/mssunnhordland.no\/en\/wp-json\/wp\/v2\/types\/page"}],"author":[{"embeddable":true,"href":"https:\/\/mssunnhordland.no\/en\/wp-json\/wp\/v2\/users\/1"}],"replies":[{"embeddable":true,"href":"https:\/\/mssunnhordland.no\/en\/wp-json\/wp\/v2\/comments?post=394"}],"version-history":[{"count":14,"href":"https:\/\/mssunnhordland.no\/en\/wp-json\/wp\/v2\/pages\/394\/revisions"}],"predecessor-version":[{"id":1108,"href":"https:\/\/mssunnhordland.no\/en\/wp-json\/wp\/v2\/pages\/394\/revisions\/1108"}],"wp:featuredmedia":[{"embeddable":true,"href":"https:\/\/mssunnhordland.no\/en\/wp-json\/wp\/v2\/media\/988"}],"wp:attachment":[{"href":"https:\/\/mssunnhordland.no\/en\/wp-json\/wp\/v2\/media?parent=394"}],"curies":[{"name":"wp","href":"https:\/\/api.w.org\/{rel}","templated":true}]}}