{"id":116,"date":"2026-01-13T09:23:29","date_gmt":"2026-01-13T09:23:29","guid":{"rendered":"http:\/\/mssunnhordland-no.creato.no\/cms\/?page_id=116"},"modified":"2026-03-15T19:44:04","modified_gmt":"2026-03-15T18:44:04","slug":"about-us","status":"publish","type":"page","link":"https:\/\/mssunnhordland.no\/en\/om-oss\/","title":{"rendered":"About us"},"content":{"rendered":"<div class=\"grve-section grve-row-section grve-fullwidth-background grve-padding-top-3x grve-with-bg-color\" data-header-color=\"default\"  style=\"background-color:#ECE7E0;\"><div class=\"grve-container\"><div class=\"grve-row grve-bookmark grve-columns-gap-default grve-mobile-vertical-gap-30\"><div class=\"grve-column wpb_column grve-bookmark grve-column-1  grve-parallax-effect grve-with-bg-transparent grve-align-center\" data-parallax-effect=\"vertical-parallax\"><div class=\"grve-column-wrapper\"><div class=\"grve-column-content\" ><div data-animation=\"fade-in\" data-delay=\"0\" data-duration=\"normal\" class=\"grve-element grve-single-icon grve-align-inherit grve-extra-large grve-animated-item\" style=\"margin-bottom: 30px;\"><div class=\"grve-wrapper-icon grve-text-custom\" style=\" color: #00000000;\"><div id=\"grve-svg-69d29c7ee96ca\" data-file=\"https:\/\/mssunnhordland.no\/cms\/wp-content\/uploads\/2026\/01\/HSD-LOGO.svg\" class=\"grve-custom-svg-icon grve-text-custom\"><\/div><\/div><\/div><h3 data-animation=\"fade-in\" data-delay=\"0\" data-duration=\"normal\" class=\"grve-element grve-title grve-align-inherit grve-animated-item grve-h3\" style=\"margin-bottom: 60px;\"><span>A living veteran ship, for sailing, travelling and accommodation<\/span><\/h3><\/div><\/div><\/div><\/div><\/div><\/div><div class=\"grve-section grve-row-section grve-fullwidth-background grve-padding-top-2x grve-padding-bottom-5x grve-with-bg-color\" id=\"vertskapet\" data-header-color=\"default\"  style=\"background-color:#ECE7E0;\"><div class=\"grve-container\"><div class=\"grve-row grve-bookmark grve-columns-gap-default grve-mobile-vertical-gap-30 rightcorner2\"><div class=\"grve-column wpb_column grve-bookmark grve-column-1-2  grve-with-bg-transparent\"><div class=\"grve-column-wrapper\"><div class=\"grve-column-content\" ><div data-animation=\"fade-in\" data-delay=\"0\" data-duration=\"very-slow\" class=\"grve-element grve-slogan grve-align-inherit grve-animated-item\"><div class=\"grve-subtitle\">Meet the hosts<\/div><h2 class=\"grve-slogan-title grve-align-inherit grve-h3\" style=\"\"><span>Welcome to an experience with heart space, both at the quayside and at sea<\/span><\/h2><p class=\"\">Join us on trips and events, enjoy great meals in the restaurant, spend the night on board or create memories with colleagues and guests. MS Sunnhordland is a vibrant meeting place, ready for new experiences.<\/p><\/div><\/div><\/div><\/div><div class=\"grve-column wpb_column grve-bookmark grve-column-1-2  grve-with-bg-transparent\"><div class=\"grve-column-wrapper\"><div class=\"grve-column-content\" ><div data-animation=\"fade-in\" data-delay=\"400\" data-duration=\"very-slow\" class=\"grve-element grve-image grve-align-center grve-animated-item\">\n\t<div class=\"grve-image-item\">\n\t\t\n\n<div class=\"grve-image-wrapper grve-no-effect\">\n\t\t<div class=\"grve-thumbnail-wrapper\"  style=\"width: 600px;\"><div class=\"grve-thumbnail\"  style=\"padding-top: 75%;\"><img decoding=\"async\" width=\"600\" height=\"450\" src=\"https:\/\/mssunnhordland.no\/cms\/wp-content\/uploads\/2026\/02\/mssunnhordland_vertskap2-1-600x450.jpg\" class=\"attachment-impeka-grve-small-rect-horizontal size-impeka-grve-small-rect-horizontal\" alt=\"\" data-column-space=\"auto\" data-lazyload=\"\" data-grve-filter=\"yes\" srcset=\"https:\/\/mssunnhordland.no\/cms\/wp-content\/uploads\/2026\/02\/mssunnhordland_vertskap2-1-600x450.jpg 600w, https:\/\/mssunnhordland.no\/cms\/wp-content\/uploads\/2026\/02\/mssunnhordland_vertskap2-1-900x675.jpg 900w\" sizes=\"auto, (max-width: 600px) 100vw, 600px\" loading=\"lazy\" \/><\/div><\/div>\t<\/div>\n\t<\/div>\n<\/div>\n<\/div><\/div><\/div><\/div><\/div><\/div><div class=\"grve-section grve-row-section grve-fullwidth-background grve-percentage-height grve-padding-top-1x grve-padding-bottom-1x grve-with-bg-image grve-bg-fixed\" data-header-color=\"default\" data-height-ratio=\"50\"><div class=\"grve-container\"><div class=\"grve-row grve-bookmark grve-columns-gap-default grve-mobile-vertical-gap-30 grve-percentage-content\"><div class=\"grve-column wpb_column grve-bookmark grve-column-1  grve-with-bg-transparent grve-empty-column\"><div class=\"grve-column-wrapper\"><div class=\"grve-column-content\" ><\/div><\/div><\/div><\/div><\/div><div class=\"grve-background-wrapper\">  <div class=\"grve-bg-image grve-bg-image-id-220 lazyload\"  data-bgset=\"https:\/\/mssunnhordland.no\/cms\/wp-content\/uploads\/2026\/01\/Restaurant-28.jpg 2560w, https:\/\/mssunnhordland.no\/cms\/wp-content\/uploads\/2026\/01\/Restaurant-28-300x200.jpg 300w, https:\/\/mssunnhordland.no\/cms\/wp-content\/uploads\/2026\/01\/Restaurant-28-1024x684.jpg 1024w, https:\/\/mssunnhordland.no\/cms\/wp-content\/uploads\/2026\/01\/Restaurant-28-768x513.jpg 768w, https:\/\/mssunnhordland.no\/cms\/wp-content\/uploads\/2026\/01\/Restaurant-28-1536x1025.jpg 1536w\" data-sizes=\"auto\"><\/div><\/div><\/div><div class=\"grve-section grve-row-section grve-fullwidth-background grve-padding-top-3x grve-padding-bottom-3x grve-with-bg-transparent\" data-header-color=\"default\"><div class=\"grve-container\"><div class=\"grve-row grve-bookmark grve-columns-gap-default grve-mobile-vertical-gap-30\"><div class=\"grve-column wpb_column grve-bookmark grve-column-1  grve-with-bg-transparent grve-align-center\"><div class=\"grve-column-wrapper\"><div class=\"grve-column-content\" ><h2 data-animation=\"fade-in\" data-delay=\"0\" data-duration=\"normal\" class=\"grve-element grve-title grve-align-inherit grve-animated-item grve-h1 grve-custom-font-4\"><span>Facilities<\/span><\/h2><div class=\"grve-empty-space grve-height-2x\"><\/div><\/div><\/div><\/div><div class=\"grve-column wpb_column grve-bookmark grve-column-1-2  grve-with-bg-transparent\"><div class=\"grve-column-wrapper\"><div class=\"grve-column-content\" ><h3 data-animation=\"fade-in\" data-delay=\"0\" data-duration=\"normal\" class=\"grve-element grve-title grve-align-inherit grve-animated-item grve-h4\"><span>Salons and areas<\/span><\/h3><div class=\"grve-element grve-text grve-animated-item\" data-animation=\"fade-in\" data-delay=\"0\" data-duration=\"normal\">\n\t\t\t<ul>\n<li>Front lounge with elegant atmosphere and room for up to 120 seated guests<\/li>\n<li>Smaller lounges with capacity for 12 guests each, ideal for meetings or private parties<\/li>\n<li>Aft lounge with room for around 100 people<\/li>\n<li>Full bar with all rights<\/li>\n<li>Comfortable seating areas<\/li>\n<li>Dance floor and entertainment stage<\/li>\n<\/ul>\n\n\t\t<\/div>\n\t<div class=\"grve-empty-space grve-height-1x\"><\/div><h3 data-animation=\"fade-in\" data-delay=\"0\" data-duration=\"normal\" class=\"grve-element grve-title grve-align-inherit grve-animated-item grve-h4\"><span>Accommodation<\/span><\/h3><div class=\"grve-element grve-text\">\n\t\t\t<ul>\n<li>36 cabins on board. A total of 77 beds<\/li>\n<li>Single, double, triple and quadruple rooms<\/li>\n<li>Most cabins have their own bathroom with toilet and shower<\/li>\n<li>Good breakfast<\/li>\n<\/ul>\n\n\t\t<\/div>\n\t<div class=\"grve-empty-space grve-height-1x\"><\/div><h3 data-animation=\"fade-in\" data-delay=\"0\" data-duration=\"normal\" class=\"grve-element grve-title grve-align-inherit grve-animated-item grve-h4\"><span>Sun tyres<\/span><\/h3><div class=\"grve-element grve-text grve-animated-item\" data-animation=\"fade-in\" data-delay=\"0\" data-duration=\"normal\">\n\t\t\t<p>The sun deck is a great area with views and can be utilised for:<\/p>\n<ul>\n<li>Course<\/li>\n<li><span style=\"color: #333333;\"><a style=\"color: #333333;\" href=\"https:\/\/no.wikipedia.org\/wiki\/M%C3%B8te\" target=\"_blank\" rel=\"noopener\">Meetings<\/a><\/span><\/li>\n<li>Kick off<\/li>\n<li>Writing groups<\/li>\n<li>Sailing around the Sunnhordland basin<\/li>\n<li><span style=\"color: #333333;\"><a style=\"color: #333333;\" href=\"https:\/\/mssunnhordland.no\/en\/catering\/\">Catering<\/a><\/span><\/li>\n<li>Top selection of food from your own menu<\/li>\n<\/ul>\n\n\t\t<\/div>\n\t<\/div><\/div><\/div><div class=\"grve-column wpb_column grve-bookmark grve-column-1-2  grve-with-bg-transparent\"><div class=\"grve-column-wrapper\"><div class=\"grve-column-content\" ><h3 data-animation=\"fade-in\" data-delay=\"0\" data-duration=\"normal\" class=\"grve-element grve-title grve-align-inherit grve-animated-item grve-h4\"><span>Experiences<\/span><\/h3><div class=\"grve-element grve-text grve-animated-item\" data-animation=\"fade-in\" data-delay=\"0\" data-duration=\"normal\">\n\t\t\t<ul>\n<li style=\"list-style-type: none;\">\n<ul>\n<li>Spacious outdoor areas on both upper and lower decks<\/li>\n<li>Perfect for entertaining, socialising and enjoying the sea and views<\/li>\n<li>Has been used in TV productions, such as \u00ab71 degrees north\u00bb<\/li>\n<li>Represents an important piece of post-war history for Sunnhordland.<\/li>\n<\/ul>\n<\/li>\n<\/ul>\n\n\t\t<\/div>\n\t<div class=\"grve-empty-space grve-height-1x\"><\/div><h3 data-animation=\"fade-in\" data-delay=\"0\" data-duration=\"normal\" class=\"grve-element grve-title grve-align-inherit grve-animated-item grve-h4\"><span>Food and catering<\/span><\/h3><div class=\"grve-element grve-text grve-animated-item\" data-animation=\"fade-in\" data-delay=\"0\" data-duration=\"normal\">\n\t\t\t<ul>\n<li>Own, experienced chef on board<\/li>\n<li>Customised menus for everything from parties and celebrations to corporate events<\/li>\n<li>Serving with all rights<\/li>\n<li>Organised for self-service or serving from the chef<\/li>\n<\/ul>\n\n\t\t<\/div>\n\t<div class=\"grve-empty-space grve-height-1x\"><\/div><h3 data-animation=\"fade-in\" data-delay=\"0\" data-duration=\"normal\" class=\"grve-element grve-title grve-align-inherit grve-animated-item grve-h4\"><span>Short distance to most things<\/span><\/h3><div class=\"grve-element grve-text grve-animated-item\" data-animation=\"fade-in\" data-delay=\"0\" data-duration=\"normal\">\n\t\t\t<ul>\n<li>Good bus connections to Bergen, Haugesund and <span style=\"color: #333333;\"><a style=\"color: #333333;\" href=\"https:\/\/mssunnhordland.no\/en\/\">Stavanger, Norway<\/a><\/span><\/li>\n<li>Short route to Akerbussen<\/li>\n<li>Speedboat to Bergen<\/li>\n<li>Short distance to the airport at Stord<\/li>\n<li>Restaurants and shopping<\/li>\n<li>Parking in the area<\/li>\n<\/ul>\n\n\t\t<\/div>\n\t<\/div><\/div><\/div><\/div><\/div><div class=\"grve-separator-bottom\" style=\"height: 30px; z-index: 0;\"><svg class=\"grve-separator grve-wave-separator\" fill=\"#181E36EB\" width=\"100%\" height=\"100%\" preserveaspectratio=\"none\" viewbox=\"0 0 1440 150\"><path d=\"M1440,139.588931 C1289.52,152.588698 1143.2871,139.665072 1001.3013,100.818052 L997,99.6329343 C835.75,54.8934737 782.5,58.4283132 671.453125,73.3194839 L662.442931,74.5343043 L662.442931,74.5343043 L638.714776,77.7557748 C609.1276,81.7612362 575.32,86.2223513 535,90.6287661 C358.04,109.968031 262.8371,79.2586121 195.650049,54.6867422 L190.600231,52.833237 L190.600231,52.833237 L178.412696,48.3386306 L178.412696,48.3386306 L173.698752,46.6108095 C164.3568,43.2015613 155.52,40.0816171 147,37.4478979 C99.6666667,22.8161246 50.6666667,16.1567919 0,17.4698997 L0,150 L1440,150 L1440,139.588931 Z\"><\/path><path d=\"M1440,117.980769 C1288,145.786435 1140.33333,138.940533 997,97.4430619 C822.85,47.023635 764.1736,51.5305743 629.120599,68.6387118 L592.271808,73.329169 L592.271808,73.329169 L581.011,74.7500762 C561.95,77.1433936 541.4,79.6570951 519,82.2115385 C339.8,102.647085 254.68,73.2623625 191.448,48.9652756 L184.422933,46.2562123 L184.422933,46.2562123 L179.830875,44.4825978 L179.830875,44.4825978 L175.303977,42.740931 C165.5614,39.0056471 156.23,35.531576 147,32.5543282 C99.6666667,17.2863909 50.6666667,10.337522 0,11.7077215 L0,150 L1440,150 L1440,117.980769 Z\" fill-opacity=\"0.3\"><\/path><path d=\"M1440,106.034486 C1283.33333,132.662839 1148.33333,129.406134 1035,96.2643713 C865,46.5517277 803,36.0308187 579,62.6436817 C357.24,88.990416 227.6094,51.9141489 156.147735,28.0188408 L154,27.2988541 C106.666667,11.3923153 55.3333333,2.2926973 0,-4.26325641e-14 L0,150 L1440,150 L1440,106.034486 Z\" fill-opacity=\"0.3\"><\/path><\/svg><\/div><\/div><div class=\"grve-section grve-row-section grve-fullwidth-background grve-padding-top-3x grve-padding-bottom-3x grve-headings-white grve-with-bg-image\" data-header-color=\"default\"  style=\"background-color:#181E36;color:#FFFFFF;\"><div class=\"grve-container\"><div class=\"grve-row grve-bookmark grve-columns-gap-default grve-mobile-vertical-gap-30\"><div class=\"grve-column wpb_column grve-bookmark grve-column-1  grve-with-bg-transparent\"><div class=\"grve-column-wrapper\"><div class=\"grve-column-content\" ><h2 data-animation=\"fade-in\" data-delay=\"0\" data-duration=\"normal\" class=\"grve-element grve-title grve-align-inherit grve-animated-item grve-subtitle-text\" style=\"margin-bottom: 0px;\"><span>About us: MS Sunnhordland<\/span><\/h2><h2 data-animation=\"fade-in\" data-delay=\"0\" data-duration=\"normal\" class=\"grve-element grve-title grve-align-inherit grve-animated-item grve-h2\" style=\"margin-bottom: 30px;\"><span>Facts about the ship<\/span><\/h2><div class=\"grve-empty-space grve-height-1x\"><\/div><\/div><\/div><\/div><div class=\"grve-column wpb_column grve-bookmark grve-column-1-3  grve-with-bg-transparent\"><div class=\"grve-column-wrapper\"><div class=\"grve-column-content\" ><div class=\"grve-element grve-text grve-animated-item\" data-animation=\"fade-in\" data-delay=\"0\" data-duration=\"normal\">\n\t\t\t<p><strong>Parlours and lounges<\/strong><\/p>\n<ul>\n<li>36 cabins<\/li>\n<li>Lounge with seating for 120 guests up front<\/li>\n<li>2 smaller lounges for 12 guests<\/li>\n<li>180 passengers<\/li>\n<\/ul>\n\n\t\t<\/div>\n\t<\/div><\/div><\/div><div class=\"grve-column wpb_column grve-bookmark grve-column-1-3  grve-with-bg-transparent\"><div class=\"grve-column-wrapper\"><div class=\"grve-column-content\" ><div class=\"grve-element grve-text grve-animated-item\" data-animation=\"fade-in\" data-delay=\"0\" data-duration=\"normal\">\n\t\t\t<p><strong>Technical specifications<\/strong><\/p>\n<p>Length: 53.90 metres.<br \/>\nWidth: 10.1 metres.<br \/>\nDepth: 3.5 metres<br \/>\nTonnage: 1105 gross tonnes.<br \/>\nEngine: 2x 12-cylinder General Motors 2-stroke diesel engines.<br \/>\nTop speed: 18 knots.<br \/>\nCapacity: Certified for up to 180 passengers in current operation.<\/p>\n\n\t\t<\/div>\n\t<\/div><\/div><\/div><div class=\"grve-column wpb_column grve-bookmark grve-column-1-3  grve-with-bg-transparent\"><div class=\"grve-column-wrapper\"><div class=\"grve-column-content\" ><div class=\"grve-element grve-text grve-animated-item\" data-animation=\"fade-in\" data-delay=\"0\" data-duration=\"normal\">\n\t\t\t<p><strong>Current status<\/strong><\/p>\n<ul>\n<li>The ship is used as a floating hotel, function room, charter tours, etc.<\/li>\n<li>Owned by HSD Sunnhordland AS<\/li>\n<\/ul>\n\n\t\t<\/div>\n\t<\/div><\/div><\/div><\/div><\/div><div class=\"grve-background-wrapper\">  <div class=\"grve-bg-image grve-bg-center-center grve-bg-image-id-446 lazyload\"  data-bgset=\"https:\/\/mssunnhordland.no\/cms\/wp-content\/uploads\/2026\/01\/ms_header3.jpg 2560w, https:\/\/mssunnhordland.no\/cms\/wp-content\/uploads\/2026\/01\/ms_header3-300x152.jpg 300w, https:\/\/mssunnhordland.no\/cms\/wp-content\/uploads\/2026\/01\/ms_header3-1024x520.jpg 1024w, https:\/\/mssunnhordland.no\/cms\/wp-content\/uploads\/2026\/01\/ms_header3-768x390.jpg 768w, https:\/\/mssunnhordland.no\/cms\/wp-content\/uploads\/2026\/01\/ms_header3-1536x780.jpg 1536w\" data-sizes=\"auto\"><\/div>  <div class=\"grve-bg-overlay grve-bg-primary-1 grve-opacity-90\"><\/div><\/div><\/div><div class=\"grve-section grve-row-section grve-fullwidth-background grve-padding-top-4x grve-padding-bottom-4x grve-with-bg-color\" data-header-color=\"default\"  style=\"background-color:#ECE7E0;\"><div class=\"grve-container\"><div class=\"grve-row grve-bookmark grve-columns-gap-default grve-mobile-vertical-gap-30 rightcorner2\"><div class=\"grve-column wpb_column grve-bookmark grve-column-1  grve-with-bg-transparent grve-align-center\"><div class=\"grve-column-wrapper\"><div class=\"grve-column-content\" ><div data-animation=\"fade-in\" data-delay=\"0\" data-duration=\"normal\" class=\"grve-element grve-image-text grve-animated-item grve-style-1 grve-position-right\" style=\"margin-bottom: 50px;\"><div class=\"grve-image grve-radius-10\"><div class=\"grve-thumbnail-wrapper\"><div class=\"grve-thumbnail\"  style=\"padding-top: 58.333%;\"><img decoding=\"async\" width=\"768\" height=\"448\" src=\"https:\/\/mssunnhordland.no\/cms\/wp-content\/uploads\/2026\/01\/Pce-872c-copy-768x448.jpg\" class=\"attachment-medium_large size-medium_large\" alt=\"\" data-column-space=\"100\" data-lazyload=\"\" data-grve-filter=\"yes\" srcset=\"https:\/\/mssunnhordland.no\/cms\/wp-content\/uploads\/2026\/01\/Pce-872c-copy-768x448.jpg 768w, https:\/\/mssunnhordland.no\/cms\/wp-content\/uploads\/2026\/01\/Pce-872c-copy-300x175.jpg 300w, https:\/\/mssunnhordland.no\/cms\/wp-content\/uploads\/2026\/01\/Pce-872c-copy-1024x597.jpg 1024w, https:\/\/mssunnhordland.no\/cms\/wp-content\/uploads\/2026\/01\/Pce-872c-copy-1536x895.jpg 1536w\" sizes=\"auto, (max-width: 768px) 100vw, 768px\" loading=\"lazy\" \/><\/div><\/div><\/div><div class=\"grve-content grve-align-left\"><div class=\"grve-content-inner\"><h3 class=\"grve-title grve-h3\">History<\/h3><p class=\"grve-description\">MS Sunnhordland was originally built as a submarine destroyer and escort ship for the US Navy in Chicago in 1943 under the name HMS Kilcheran. Today, the ship has a large, elegant saloon with seating for around 120 guests forward. There are also two smaller lounges on either side with room for 12 guests each. Aft there is a dance floor and bar.<\/p>\n<p>On board we have 1, 2, 3 and 4 crew cabins, as well as three cabins with double berths. The cabins are distributed on all four decks.<\/p><a href=\"https:\/\/mssunnhordland.no\/en\/about-us\/historian\/\" title=\"History\" class=\"grve-btn grve-square grve-bg-primary-1 grve-border-primary-1 grve-bg-hover-primary-2 grve-border-hover-primary-2 grve-text-white grve-text-hover-white grve-btn-large slide-btn\">\n\t\t<span>More<\/span>\n\t\t\t\t\t\t\t<\/a><\/div><\/div><\/div><\/div><\/div><\/div><\/div><\/div><\/div><div class=\"grve-section grve-row-section grve-fullwidth-background grve-percentage-height grve-padding-top-1x grve-padding-bottom-1x grve-with-bg-image\" data-header-color=\"default\" data-height-ratio=\"70\"><div class=\"grve-container\"><div class=\"grve-row grve-bookmark grve-columns-gap-default grve-mobile-vertical-gap-30 grve-percentage-content\"><div class=\"grve-column wpb_column grve-bookmark grve-column-1  grve-with-bg-transparent grve-empty-column\"><div class=\"grve-column-wrapper\"><div class=\"grve-column-content\" ><\/div><\/div><\/div><\/div><\/div><div class=\"grve-background-wrapper\">  <div class=\"grve-bg-image grve-bg-center-center grve-bg-image-id-222 lazyload\"  data-bgset=\"https:\/\/mssunnhordland.no\/cms\/wp-content\/uploads\/2026\/01\/Restaurant-38.jpg 2560w, https:\/\/mssunnhordland.no\/cms\/wp-content\/uploads\/2026\/01\/Restaurant-38-300x200.jpg 300w, https:\/\/mssunnhordland.no\/cms\/wp-content\/uploads\/2026\/01\/Restaurant-38-1024x684.jpg 1024w, https:\/\/mssunnhordland.no\/cms\/wp-content\/uploads\/2026\/01\/Restaurant-38-768x513.jpg 768w, https:\/\/mssunnhordland.no\/cms\/wp-content\/uploads\/2026\/01\/Restaurant-38-1536x1025.jpg 1536w\" data-sizes=\"auto\"><\/div><\/div><\/div>","protected":false},"excerpt":{"rendered":"Eit levande veteranskip, for seglas, opplevingar og overnattingM\u00f8t vertskapetVelkomen til ei oppleving med hjarterom, b\u00e5de ved kai og til sj\u00f8sBli med p\u00e5 turar og arrangement, nyt gode m\u00e5ltid i restauranten, overnatt om bord eller skap minner saman med kollegaer og gjester. MS Sunnhordland er ein levande m\u00f8teplass, klar for nye opplevingar. FasiliteterSalongar og omr\u00e5dar Framre [...]","protected":false},"author":1,"featured_media":0,"parent":0,"menu_order":0,"comment_status":"closed","ping_status":"closed","template":"","meta":{"footnotes":""},"class_list":["post-116","page","type-page","status-publish","hentry","grve-entry-item"],"_links":{"self":[{"href":"https:\/\/mssunnhordland.no\/en\/wp-json\/wp\/v2\/pages\/116","targetHints":{"allow":["GET"]}}],"collection":[{"href":"https:\/\/mssunnhordland.no\/en\/wp-json\/wp\/v2\/pages"}],"about":[{"href":"https:\/\/mssunnhordland.no\/en\/wp-json\/wp\/v2\/types\/page"}],"author":[{"embeddable":true,"href":"https:\/\/mssunnhordland.no\/en\/wp-json\/wp\/v2\/users\/1"}],"replies":[{"embeddable":true,"href":"https:\/\/mssunnhordland.no\/en\/wp-json\/wp\/v2\/comments?post=116"}],"version-history":[{"count":13,"href":"https:\/\/mssunnhordland.no\/en\/wp-json\/wp\/v2\/pages\/116\/revisions"}],"predecessor-version":[{"id":1181,"href":"https:\/\/mssunnhordland.no\/en\/wp-json\/wp\/v2\/pages\/116\/revisions\/1181"}],"wp:attachment":[{"href":"https:\/\/mssunnhordland.no\/en\/wp-json\/wp\/v2\/media?parent=116"}],"curies":[{"name":"wp","href":"https:\/\/api.w.org\/{rel}","templated":true}]}}